{"id":13728,"date":"2025-09-10T18:48:10","date_gmt":"2025-09-10T16:48:10","guid":{"rendered":"https:\/\/safe-sailing.com\/?post_type=product&#038;p=13728"},"modified":"2025-09-27T21:06:45","modified_gmt":"2025-09-27T19:06:45","slug":"01-08-07-08-2026-skipper-training","status":"publish","type":"product","link":"https:\/\/safe-sailing.com\/fr\/produkt\/01-08-07-08-2026-skipper-training\/","title":{"rendered":"01.08-07.08.2026 Skipper training"},"content":{"rendered":"<h4><span style=\"font-family: verdana, geneva, sans-serif;\">Description de la croisi\u00e8re<\/span><\/h4>\n<p><strong><span style=\"font-family: verdana, geneva, sans-serif;\">Formation de skipper et de voile<\/span><br \/>\n<\/strong><\/p>\n<p><span style=\"font-family: verdana, geneva, sans-serif;\">Vous envisagez une formation continue de skipper, mais vous ne voulez pas vous exposer au stress d&rsquo;un examen pendant votre temps libre &#8211; nous vous proposons une solution individuelle.<\/span><\/p>\n<p><span style=\"font-family: verdana, geneva, sans-serif;\"><strong>Objectif : <\/strong><\/span><\/p>\n<p><span style=\"font-family: verdana, geneva, sans-serif;\">Nous nous appuyons sur vos comp\u00e9tences nautiques pour vous aider \u00e0 d\u00e9velopper vos comp\u00e9tences de skipper, \u00e0 gagner en s\u00e9curit\u00e9 et en confiance.<\/span><\/p>\n<p><span style=\"font-family: verdana, geneva, sans-serif;\"><strong>D\u00e9roulement:<\/strong><\/span><\/p>\n<p><span style=\"font-family: verdana, geneva, sans-serif;\">Ensemble, nous \u00e9tablissons un plan de formation afin de r\u00e9pondre \u00e0 vos besoins et souhaits individuels.<\/span><br \/>\n<span style=\"font-family: verdana, geneva, sans-serif;\">Lors du stage, nous mettrons l&rsquo;accent sur la pratique, r\u00e9p\u00e9terons au besoin la th\u00e9orie et suivrons votre progression de jour en jour (feed-back r\u00e9guliers).<\/span><\/p>\n<p><span style=\"font-family: verdana, geneva, sans-serif;\"><b>Th\u00e8mes possibles:<\/b><\/span><\/p>\n<p><span style=\"font-family: verdana, geneva, sans-serif;\">L&rsquo;accent sera mis sur la gestion du bateau et de l&rsquo;\u00e9quipage, la navigation classique et \u00e9lectronique, la s\u00e9curit\u00e9 et les bonnes pratiques maritimes.<\/span><br \/>\n<span style=\"font-family: verdana, geneva, sans-serif;\">Objectif: savoir g\u00e9rer le bateau et l&rsquo;\u00e9quipage en toute s\u00e9curit\u00e9 et de mani\u00e8re professionnelle.<\/span><\/p>\n<ul>\n<li><span style=\"font-family: verdana, geneva, sans-serif;\">Man\u0153uvres\u00a0:<\/span>\n<ul>\n<li><span style=\"font-family: verdana, geneva, sans-serif;\">Man\u0153uvres \u00e0 la voile<\/span><\/li>\n<li><span style=\"font-family: verdana, geneva, sans-serif;\">Man\u0153uvres de port<\/span><\/li>\n<li><span style=\"font-family: verdana, geneva, sans-serif;\">Homme \u00e0 la mer, MOB<\/span><\/li>\n<li><span style=\"font-family: verdana, geneva, sans-serif;\">Ancrage et amarrage \u00e0 la voile \/ au moteur<\/span><\/li>\n<li><span style=\"font-family: verdana, geneva, sans-serif;\">Ancrage su\u00e9dois<\/span><\/li>\n<li><span style=\"font-family: verdana, geneva, sans-serif;\">Navigation au spinnaker \/ gennaker<br \/>\n<\/span><\/li>\n<\/ul>\n<\/li>\n<li><span style=\"font-family: verdana, geneva, sans-serif;\">Navigation\u00a0:<\/span>\n<ul>\n<li><span style=\"font-family: verdana, geneva, sans-serif;\">Planification<\/span><\/li>\n<li><span style=\"font-family: verdana, geneva, sans-serif;\">Pilotage \/ Approches<\/span><\/li>\n<li><span style=\"font-family: verdana, geneva, sans-serif;\">Navigation terrestre \/ \u00e9lectronique<\/span><\/li>\n<li><span style=\"font-family: verdana, geneva, sans-serif;\">Radar \/ AIS<\/span><\/li>\n<li><span style=\"font-family: verdana, geneva, sans-serif;\">Cartes vectorielles \/ matricielles<\/span><\/li>\n<li><span style=\"font-family: verdana, geneva, sans-serif;\">Balises<\/span><\/li>\n<li><span style=\"font-family: verdana, geneva, sans-serif;\">etc.<\/span><\/li>\n<\/ul>\n<\/li>\n<\/ul>\n<ul>\n<li><span style=\"font-family: verdana, geneva, sans-serif;\">Comp\u00e9tences nautiques :<\/span>\n<ul>\n<li><span style=\"font-family: verdana, geneva, sans-serif;\">R\u00e8glement international pour pr\u00e9venir les abordages en mer (COLREG)<\/span><\/li>\n<li><span style=\"font-family: verdana, geneva, sans-serif;\">Analyse m\u00e9t\u00e9orologique<\/span><\/li>\n<li><span style=\"font-family: verdana, geneva, sans-serif;\">Routage m\u00e9t\u00e9orologique<\/span><\/li>\n<li><span style=\"font-family: verdana, geneva, sans-serif;\">etc.<\/span><\/li>\n<\/ul>\n<\/li>\n<\/ul>\n<p><span style=\"font-family: verdana, geneva, sans-serif;\"><strong>Exigences et exp\u00e9riences:<\/strong><\/span><\/p>\n<p><span style=\"font-family: verdana, geneva, sans-serif;\">Il est n\u00e9cessaire d&rsquo;avoir d\u00e9j\u00e0 de l&rsquo;exp\u00e9rience en tant que skipper ou d&rsquo;\u00eatre en mesure de d\u00e9montrer votre exp\u00e9rience en tant qu&rsquo;\u00e9quipier actif.<br \/>\n<\/span><span style=\"font-family: verdana, geneva, sans-serif;\">Nous confirmerons volontiers les milles parcourus.<\/span><\/p>\n<p><span style=\"font-family: verdana, geneva, sans-serif;\">Le fait de pouvoir \u00e9changer avec les autres participants permet aussi de progresser.<\/span><\/p>\n<p><span style=\"font-family: verdana, geneva, sans-serif;\"><strong>Les instructeurs:<\/strong><\/span><\/p>\n<p><span style=\"font-family: verdana, geneva, sans-serif;\">Tous les formateurs sont des instructeurs professionnels certifi\u00e9s RYA.<\/span><\/p>\n<p>&nbsp;<\/p>\n","protected":false},"excerpt":{"rendered":"<table style=\"width: 31.165919%;\">\n<tbody>\n<tr>\n<td style=\"width: 43.406593%;\"><strong><span style=\"font-family: verdana, geneva, sans-serif;\">Type de stage:<\/span><\/strong><\/td>\n<td style=\"width: 54.395604%;\"><span style=\"font-family: verdana, geneva, sans-serif;\">Formation de skipper<\/span><\/td>\n<\/tr>\n<tr>\n<td style=\"width: 43.406593%;\"><strong><span style=\"font-family: verdana, geneva, sans-serif;\">Niveau:<\/span><\/strong><\/td>\n<td style=\"width: 54.395604%;\"><span style=\"font-family: verdana, geneva, sans-serif;\">Interm\u00e9diaire \/ Avanc\u00e9<\/span><\/td>\n<\/tr>\n<tr>\n<td style=\"width: 43.406593%;\"><span style=\"font-family: verdana, geneva, sans-serif;\"><b>R\u00e9gion:<\/b><\/span><\/td>\n<td style=\"width: 54.395604%;\"><span style=\"font-family: verdana, geneva, sans-serif;\">Archipel de V\u00e4stervik<\/span><\/td>\n<\/tr>\n<tr>\n<td style=\"width: 43.406593%;\"><strong><span style=\"font-family: verdana, geneva, sans-serif;\">D\u00e9part-<br \/>\narriv\u00e9e :<\/span><\/strong><\/td>\n<td style=\"width: 54.395604%;\"><span style=\"font-family: verdana, geneva, sans-serif;\">Stockholm-<br \/>\nKalmar<\/span><\/td>\n<\/tr>\n<tr>\n<td style=\"width: 43.406593%;\"><strong><span style=\"font-family: verdana, geneva, sans-serif;\">Dates:<\/span><\/strong><\/td>\n<td style=\"width: 54.395604%;\"><span style=\"font-family: verdana, geneva, sans-serif;\">01.08-07.08.2026<\/span><\/td>\n<\/tr>\n<tr>\n<td style=\"width: 43.406593%;\"><strong><span style=\"font-family: verdana, geneva, sans-serif;\">Jours:<\/span><\/strong><\/td>\n<td style=\"width: 54.395604%;\"><span style=\"font-family: verdana, geneva, sans-serif;\">samedi &#8211; vendredi<\/span><\/td>\n<\/tr>\n<tr>\n<td style=\"width: 43.406593%;\"><span style=\"font-family: verdana, geneva, sans-serif;\"><b>Stagiaires (max.):<\/b><\/span><\/td>\n<td style=\"width: 54.395604%;\"><span style=\"font-family: verdana, geneva, sans-serif;\">4<\/span><\/td>\n<\/tr>\n<tr>\n<td style=\"width: 43.406593%;\"><strong><span style=\"font-family: verdana, geneva, sans-serif;\">Voilier:<\/span><\/strong><\/td>\n<td style=\"width: 54.395604%;\"><span style=\"font-family: verdana, geneva, sans-serif;\">Arcona 400<\/span><\/td>\n<\/tr>\n<tr>\n<td style=\"width: 43.406593%;\"><strong><span style=\"font-family: verdana, geneva, sans-serif;\">Skipper<\/span><\/strong><\/td>\n<td style=\"width: 54.395604%;\"><span style=\"font-family: verdana, geneva, sans-serif;\">Felix Galliker<\/span><\/td>\n<\/tr>\n<tr>\n<td style=\"width: 43.406593%;\"><strong><span style=\"font-family: verdana, geneva, sans-serif;\">Infos utiles:<\/span><\/strong><\/td>\n<td style=\"width: 54.395604%;\"><a href=\"https:\/\/safe-sailing.com\/fr\/organisation\/\"><span style=\"font-family: verdana, geneva, sans-serif;\">Organisation<\/span><\/a><\/td>\n<\/tr>\n<\/tbody>\n<\/table>\n<p>&nbsp;<\/p>\n","protected":false},"featured_media":13095,"template":"","meta":[],"product_brand":[],"product_cat":[266],"product_tag":[313,296,436,435,439,438,375,351,434,314,437,328,433,370,381],"class_list":{"0":"post-13728","1":"product","2":"type-product","3":"status-publish","4":"has-post-thumbnail","6":"product_cat-formation-de-skipper-fr","7":"product_tag-croisiere-de-milles","8":"product_tag-ecole-de-voile-internationale","9":"product_tag-entrainement-de-manoeuvres","10":"product_tag-formation-a-la-voile","11":"product_tag-formation-de-voile","12":"product_tag-formation-en-navigation","13":"product_tag-gennaker-fr","14":"product_tag-mer-baltique-fr","15":"product_tag-mer-baltique-fr-2","16":"product_tag-mer-du-nord","17":"product_tag-navigation-fr","18":"product_tag-safe-sailing-fr","19":"product_tag-skipper-training","20":"product_tag-spinnaker-fr","21":"product_tag-stockholmer-schaerengarten-fr","23":"first","24":"instock","25":"virtual","26":"purchasable","27":"product-type-simple"},"_links":{"self":[{"href":"https:\/\/safe-sailing.com\/fr\/wp-json\/wp\/v2\/product\/13728","targetHints":{"allow":["GET"]}}],"collection":[{"href":"https:\/\/safe-sailing.com\/fr\/wp-json\/wp\/v2\/product"}],"about":[{"href":"https:\/\/safe-sailing.com\/fr\/wp-json\/wp\/v2\/types\/product"}],"wp:featuredmedia":[{"embeddable":true,"href":"https:\/\/safe-sailing.com\/fr\/wp-json\/wp\/v2\/media\/13095"}],"wp:attachment":[{"href":"https:\/\/safe-sailing.com\/fr\/wp-json\/wp\/v2\/media?parent=13728"}],"wp:term":[{"taxonomy":"product_brand","embeddable":true,"href":"https:\/\/safe-sailing.com\/fr\/wp-json\/wp\/v2\/product_brand?post=13728"},{"taxonomy":"product_cat","embeddable":true,"href":"https:\/\/safe-sailing.com\/fr\/wp-json\/wp\/v2\/product_cat?post=13728"},{"taxonomy":"product_tag","embeddable":true,"href":"https:\/\/safe-sailing.com\/fr\/wp-json\/wp\/v2\/product_tag?post=13728"}],"curies":[{"name":"wp","href":"https:\/\/api.w.org\/{rel}","templated":true}]}}