{"id":13726,"date":"2025-09-10T18:41:36","date_gmt":"2025-09-10T16:41:36","guid":{"rendered":"https:\/\/safe-sailing.com\/?post_type=product&#038;p=13726"},"modified":"2025-09-27T20:26:21","modified_gmt":"2025-09-27T18:26:21","slug":"04-07-17-07-2026-miles-and-more","status":"publish","type":"product","link":"https:\/\/safe-sailing.com\/fr\/produkt\/04-07-17-07-2026-miles-and-more\/","title":{"rendered":"04.07-17.07.2026 Miles and More"},"content":{"rendered":"<p><span style=\"font-family: verdana, geneva, sans-serif;\">Description de la croisi\u00e8re<\/span><\/p>\n<p><strong><span style=\"font-family: verdana, geneva, sans-serif;\">Miles and More<\/span><\/strong><\/p>\n<p><span style=\"font-family: verdana, geneva, sans-serif;\"><strong>Objectifs:<\/strong> <\/span><\/p>\n<p><span style=\"font-family: verdana, geneva, sans-serif;\">Profitez davantage de vos vacances &#8211; <\/span><span style=\"font-family: verdana, geneva, sans-serif;\">apprenez \u00e0 mieux naviguer tout en d\u00e9couvrant une nouvelle r\u00e9gion.<\/span><\/p>\n<p><span style=\"font-family: verdana, geneva, sans-serif;\">Lors de cette croisi\u00e8re, vous pourrez d\u00e9velopper vos comp\u00e9tences nautiques, gagner en assurance et en confiance.<\/span><\/p>\n<p>&nbsp;<\/p>\n<p><strong><span style=\"font-family: verdana, geneva, sans-serif;\">D\u00e9roulement:<\/span><\/strong><\/p>\n<p><span style=\"font-family: verdana, geneva, sans-serif;\">Nous d\u00e9finissons ensemble les objectifs souhait\u00e9s et les mettons en \u0153uvre pendant la croisi\u00e8re.<\/span><\/p>\n<p><strong><span style=\"font-family: verdana, geneva, sans-serif;\">Th\u00e8mes possibles:<\/span><\/strong><\/p>\n<ul>\n<li><span style=\"font-family: verdana, geneva, sans-serif;\">gestion du bateau et de l&rsquo;\u00e9quipage<\/span><\/li>\n<li><span style=\"font-family: verdana, geneva, sans-serif;\">navigation classique et \u00e9lectronique<\/span><\/li>\n<li><span style=\"font-family: verdana, geneva, sans-serif;\">man\u0153uvres de mouillage et de voile<\/span><\/li>\n<li><span style=\"font-family: verdana, geneva, sans-serif;\">analyse et routage m\u00e9t\u00e9orologiques<\/span><\/li>\n<li><span style=\"font-family: verdana, geneva, sans-serif;\">d\u00e9couverte des sp\u00e9cialit\u00e9s r\u00e9gionales et des lieux d&rsquo;int\u00e9r\u00eat<\/span><\/li>\n<\/ul>\n<p><span style=\"font-family: verdana, geneva, sans-serif;\">L&rsquo;accent sera mis sur la s\u00e9curit\u00e9 et les bonnes pratiques de navigation.<\/span><\/p>\n<p><strong><span style=\"font-family: verdana, geneva, sans-serif;\">Exigences et exp\u00e9riences:<\/span><\/strong><\/p>\n<p><span style=\"font-family: verdana, geneva, sans-serif;\">Il n&rsquo;est pas n\u00e9cessaire d&rsquo;avoir de l&rsquo;exp\u00e9rience en tant que skipper. Nous confirmerons volontiers les milles parcourus pour votre permis. Le fait de pouvoir \u00e9changer avec les autres participants permet aussi de progresser.<\/span><\/p>\n<p><strong><span style=\"font-family: verdana, geneva, sans-serif;\">Les instructeurs:<\/span><\/strong><\/p>\n<p><span style=\"font-family: verdana, geneva, sans-serif;\">Tous les formateurs sont des instructeurs professionnels certifi\u00e9s RYA.<\/span><\/p>\n<p>&nbsp;<\/p>\n","protected":false},"excerpt":{"rendered":"<p>:<\/p>\n<table style=\"width: 47.590356%; height: 275px;\">\n<tbody>\n<tr style=\"height: 25px;\">\n<td style=\"width: 34.699454%; height: 25px;\"><strong><span style=\"font-family: verdana, geneva, sans-serif;\">Type de stage:<\/span><\/strong><\/td>\n<td style=\"width: 63.114754%; height: 25px;\"><span style=\"font-family: verdana, geneva, sans-serif;\">Miles and More<\/span><\/td>\n<\/tr>\n<tr style=\"height: 25px;\">\n<td style=\"width: 34.699454%; height: 25px;\"><strong><span style=\"font-family: verdana, geneva, sans-serif;\">Niveau:<\/span><\/strong><\/td>\n<td style=\"width: 63.114754%; height: 25px;\"><span style=\"font-family: verdana, geneva, sans-serif;\">Tous niveaux<\/span><\/td>\n<\/tr>\n<tr style=\"height: 25px;\">\n<td style=\"width: 34.699454%; height: 25px;\"><strong><span style=\"font-family: verdana, geneva, sans-serif;\">Secteur de navigation\u00a0:<\/span><\/strong><\/td>\n<td style=\"width: 63.114754%; height: 25px;\"><span style=\"font-family: verdana, geneva, sans-serif;\"><span style=\"font-family: verdana, geneva, sans-serif;\">Golfe de Botnie<\/span><\/span><\/td>\n<\/tr>\n<tr style=\"height: 50px;\">\n<td style=\"width: 34.699454%; height: 50px;\"><strong><span style=\"font-family: verdana, geneva, sans-serif;\">D\u00e9part-<br \/>\narriv\u00e9e :<\/span><\/strong><\/td>\n<td style=\"width: 63.114754%; height: 50px;\"><span style=\"font-family: verdana, geneva, sans-serif;\">Lulea-Sundvall SWE<br \/>\n<\/span><\/td>\n<\/tr>\n<tr style=\"height: 25px;\">\n<td style=\"width: 34.699454%; height: 25px;\"><strong><span style=\"font-family: verdana, geneva, sans-serif;\">Date :<\/span><\/strong><\/td>\n<td style=\"width: 63.114754%; height: 25px;\"><span style=\"font-family: verdana, geneva, sans-serif;\">04.07-17.07.2026<\/span><\/td>\n<\/tr>\n<tr style=\"height: 25px;\">\n<td style=\"width: 34.699454%; height: 25px;\"><strong><span style=\"font-family: verdana, geneva, sans-serif;\">Jours :<\/span><\/strong><\/td>\n<td style=\"width: 63.114754%; height: 25px;\"><span style=\"font-family: verdana, geneva, sans-serif;\">samedi &#8211; vendredi<\/span><\/td>\n<\/tr>\n<tr style=\"height: 25px;\">\n<td style=\"width: 34.699454%; height: 25px;\"><span style=\"font-family: verdana, geneva, sans-serif;\"><b>Langues<\/b><\/span><\/td>\n<td style=\"width: 63.114754%; height: 25px;\"><span style=\"font-family: verdana, geneva, sans-serif;\">D\/F\/E<\/span><\/td>\n<\/tr>\n<tr style=\"height: 25px;\">\n<td style=\"width: 34.699454%; height: 25px;\"><span style=\"font-family: verdana, geneva, sans-serif;\"><b>Participants (max.) :<\/b><\/span><\/td>\n<td style=\"width: 63.114754%; height: 25px;\"><span style=\"font-family: verdana, geneva, sans-serif;\">4<\/span><\/td>\n<\/tr>\n<tr style=\"height: 25px;\">\n<td style=\"width: 34.699454%; height: 25px;\"><strong><span style=\"font-family: verdana, geneva, sans-serif;\">Voilier :<\/span><\/strong><\/td>\n<td style=\"width: 63.114754%; height: 25px;\"><span style=\"font-family: verdana, geneva, sans-serif;\">Arcona 400<\/span><\/td>\n<\/tr>\n<tr style=\"height: 25px;\">\n<td style=\"width: 34.699454%; height: 25px;\"><strong><span style=\"font-family: verdana, geneva, sans-serif;\">Skipper :<\/span><\/strong><\/td>\n<td style=\"width: 63.114754%; height: 25px;\"><span style=\"font-family: verdana, geneva, sans-serif;\">Felix Galliker<\/span><\/td>\n<\/tr>\n<tr>\n<td style=\"width: 34.699454%;\"><strong><span style=\"font-family: verdana, geneva, sans-serif;\">Infos pratiques:<\/span><\/strong><\/td>\n<td style=\"width: 63.114754%;\"><a href=\"https:\/\/safe-sailing.com\/fr\/organisation\/\" target=\"_blank\" rel=\"noopener noreferrer\"><span style=\"font-family: verdana, geneva, sans-serif;\">Organisation<\/span><\/a><\/td>\n<\/tr>\n<\/tbody>\n<\/table>\n<p>&nbsp;<\/p>\n","protected":false},"featured_media":13498,"template":"","meta":[],"product_brand":[],"product_cat":[247],"product_tag":[333,331,348,336,313,294,357,278,301,328,338,376,329,335],"class_list":{"0":"post-13726","1":"product","2":"type-product","3":"status-publish","4":"has-post-thumbnail","6":"product_cat-miles-and-more-fr","7":"product_tag-archipels-fr","8":"product_tag-archipels-suedois","9":"product_tag-cours-de-voile-fr","10":"product_tag-croisiere-a-la-voile","11":"product_tag-croisiere-de-milles","12":"product_tag-iles","13":"product_tag-kojen-charter-fr","14":"product_tag-mer-baltique","15":"product_tag-places-disponibles","16":"product_tag-safe-sailing-fr","17":"product_tag-stockholm-fr","18":"product_tag-stockholm-archipelago-fr","19":"product_tag-suede","20":"product_tag-voile","22":"first","23":"onbackorder","24":"virtual","25":"purchasable","26":"product-type-simple"},"_links":{"self":[{"href":"https:\/\/safe-sailing.com\/fr\/wp-json\/wp\/v2\/product\/13726","targetHints":{"allow":["GET"]}}],"collection":[{"href":"https:\/\/safe-sailing.com\/fr\/wp-json\/wp\/v2\/product"}],"about":[{"href":"https:\/\/safe-sailing.com\/fr\/wp-json\/wp\/v2\/types\/product"}],"wp:featuredmedia":[{"embeddable":true,"href":"https:\/\/safe-sailing.com\/fr\/wp-json\/wp\/v2\/media\/13498"}],"wp:attachment":[{"href":"https:\/\/safe-sailing.com\/fr\/wp-json\/wp\/v2\/media?parent=13726"}],"wp:term":[{"taxonomy":"product_brand","embeddable":true,"href":"https:\/\/safe-sailing.com\/fr\/wp-json\/wp\/v2\/product_brand?post=13726"},{"taxonomy":"product_cat","embeddable":true,"href":"https:\/\/safe-sailing.com\/fr\/wp-json\/wp\/v2\/product_cat?post=13726"},{"taxonomy":"product_tag","embeddable":true,"href":"https:\/\/safe-sailing.com\/fr\/wp-json\/wp\/v2\/product_tag?post=13726"}],"curies":[{"name":"wp","href":"https:\/\/api.w.org\/{rel}","templated":true}]}}