{"id":13723,"date":"2025-09-10T18:14:36","date_gmt":"2025-09-10T16:14:36","guid":{"rendered":"https:\/\/safe-sailing.com\/?post_type=product&#038;p=13723"},"modified":"2026-03-06T07:54:45","modified_gmt":"2026-03-06T06:54:45","slug":"18-06-03-07-2026-mid-summer-race","status":"publish","type":"product","link":"https:\/\/safe-sailing.com\/fr\/produkt\/18-06-03-07-2026-mid-summer-race\/","title":{"rendered":"18.06.-03.07.2026 Mid Summer Race"},"content":{"rendered":"<h4><span style=\"font-family: arial, helvetica, sans-serif;\">Description de la croisi\u00e8re<\/span><\/h4>\n<p><span style=\"font-family: arial, helvetica, sans-serif;\"><strong>Mid Summer Race: une exp\u00e9rience \u00e0 ne pas manquer!<\/strong><\/span><\/p>\n<h4><\/h4>\n<h4><span style=\"font-family: arial, helvetica, sans-serif;\">Ce qui vous attend<\/span><\/h4>\n<p><span style=\"font-family: arial, helvetica, sans-serif;\"><strong>Une exp\u00e9rience inoubliable: <\/strong>la r\u00e9gate <a style=\"outline: none;\" href=\"https:\/\/www.midsummersail.com\" target=\"_blank\" rel=\"noopener\">Mid Summer Race<\/a> est un classique en mer Baltique, une course exigeante et un d\u00e9fi qui attire des \u00e9quipages exp\u00e9riment\u00e9s de toute l&rsquo;Europe du Nord.<\/span><\/p>\n<p><span style=\"font-family: arial, helvetica, sans-serif;\">La r\u00e9gate part du point le plus au sud au point le plus au nord de la mer Baltique, l&rsquo;une des plus belles zones de navigation au monde (de Wismar en Allemagne \u00e0 T\u00f6re en Su\u00e8de). <\/span><\/p>\n<p><span style=\"font-family: arial, helvetica, sans-serif;\">Il n&rsquo;y a pratiquement pas de marnage et, en \u00e9t\u00e9, il fait jour presque tout le temps. La mer Baltique offre toutes sortes de conditions, des vents tr\u00e8s l\u00e9gers aux vents tr\u00e8s forts, et ce dans toutes les directions possibles. <\/span><\/p>\n<p><span style=\"font-family: arial, helvetica, sans-serif;\">La distance \u00e0 parcourir est de pr\u00e8s de 900 milles marins: l&rsquo;\u00e9quilibre parfait entre une croisi\u00e8re de milles hors du commun et un d\u00e9fi nautique.<\/span><\/p>\n<p><span style=\"font-family: arial, helvetica, sans-serif;\">La ligne de d\u00e9part se trouve au large de Wismar, le point le plus m\u00e9ridional de la mer Baltique, puis les voiliers mettent le cap sur Borgholm, passent entre \u00d6land et Gotland, laissent Stockholm \u00e0 b\u00e2bord et les \u00eeles \u00c5land \u00e0 tribord. Ils poursuivent leur route vers le nord en naviguant dans le golfe de Botnie avant de rejoindre le port de destination, T\u00f6re, en Su\u00e8de. <\/span><\/p>\n<p><span style=\"font-family: arial, helvetica, sans-serif;\">Et l\u00e0, l&rsquo;heure est venue de trinquer: sk\u00e5l!<\/span><\/p>\n<p><span style=\"font-family: arial, helvetica, sans-serif;\">La distance \u00e0 parcourir est d&rsquo;environ 900 milles marins. L&rsquo;occasion de vivre une exp\u00e9rience hors du commun: une r\u00e9gate longue distance dans l&rsquo;une des plus belles zones de navigation au monde.<br \/>\nQue vous ayez ou non de l&rsquo;exp\u00e9rience en mati\u00e8re de r\u00e9gate&#8230;<\/span><\/p>\n<h4><span style=\"font-family: arial, helvetica, sans-serif;\">Le tarif comprend:<\/span><\/h4>\n<p><span style=\"font-family: arial, helvetica, sans-serif;\">&#8211; stage de pr\u00e9paration \u00e0 la r\u00e9gate (13.6.-17.06. Kiel &#8211; Wismar)<br \/>\n&#8211; <\/span><span style=\"font-family: arial, helvetica, sans-serif;\">inscription \u00e0 la r\u00e9gate<br \/>\n<\/span><span style=\"font-family: arial, helvetica, sans-serif;\">&#8211; entrainement et r\u00e9gate<br \/>\n<\/span><span style=\"font-family: arial, helvetica, sans-serif;\">&#8211; skipper professionnel<br \/>\n<\/span><span style=\"font-family: arial, helvetica, sans-serif;\">&#8211; \u00e9quipement de s\u00e9curit\u00e9<br \/>\n<\/span><span style=\"font-family: arial, helvetica, sans-serif;\">&#8211; t-shirt d&rsquo;\u00e9quipage<\/span><\/p>\n<p>&nbsp;<\/p>\n<p>L&rsquo;<span style=\"font-family: arial, helvetica, sans-serif;\"><a title=\"https:\/\/www.agora-direct.com\/de\/\" href=\"https:\/\/www.agora-direct.com\/de\/\" target=\"_blank\" rel=\"noopener\">AGORA direct<\/a> <\/span> MidsummerSail est une r\u00e9gate \u00e0 la voile qui relie le point le plus au sud au point le plus au nord de la mer Baltique, l&rsquo;une des plus belles zones de navigation au monde.<\/p>\n<p>Il n&rsquo;y a pratiquement pas de marnage et, pendant l&rsquo;\u00e9t\u00e9, il fait presque jour en permanence. La Baltique offre toutes sortes de conditions, des vents tr\u00e8s l\u00e9gers aux vents tr\u00e8s forts, et provenant de toutes les directions possibles.<\/p>\n<p>Un simple coup d&rsquo;\u0153il \u00e0 la carte vous donnera envie de traverser toute la mer. Le trajet nord-sud de pr\u00e8s de 900 milles marins offre un \u00e9quilibre parfait entre une croisi\u00e8re de milles et un d\u00e9fi v\u00e9lique.<\/p>\n<p>Mais attention, ce n&rsquo;est pas pour rien qu&rsquo;on l&rsquo;appelle la course la plus longue et la plus difficile de la Baltique !<\/p>\n<p>&nbsp;<\/p>\n","protected":false},"excerpt":{"rendered":"<table style=\"width: 25.500691%; height: 275px;\">\n<tbody>\n<tr style=\"height: 25px;\">\n<td style=\"width: 49.068323%; height: 25px;\"><strong><span style=\"font-family: verdana, geneva, sans-serif;\">Type de stage:<\/span><\/strong><\/td>\n<td style=\"width: 48.136646%; height: 25px;\"><span style=\"font-family: verdana, geneva, sans-serif;\">r\u00e9gate<\/span><\/td>\n<\/tr>\n<tr style=\"height: 25px;\">\n<td style=\"width: 49.068323%; height: 25px;\"><strong><span style=\"font-family: verdana, geneva, sans-serif;\">Niveau:<\/span><\/strong><\/td>\n<td style=\"width: 48.136646%; height: 25px;\"><span style=\"font-family: verdana, geneva, sans-serif;\">Intermediate<\/span><\/td>\n<\/tr>\n<tr style=\"height: 25px;\">\n<td style=\"width: 49.068323%; height: 25px;\"><span style=\"font-family: verdana, geneva, sans-serif;\"><b>R\u00e9gion<\/b><\/span><\/td>\n<td style=\"width: 48.136646%; height: 25px;\"><span style=\"font-family: verdana, geneva, sans-serif;\">Mer Baltique<\/span><\/td>\n<\/tr>\n<tr style=\"height: 50px;\">\n<td style=\"width: 49.068323%; height: 50px;\"><strong><span style=\"font-family: verdana, geneva, sans-serif;\">D\u00e9part-<br \/>\narriv\u00e9e:<\/span><\/strong><\/td>\n<td style=\"width: 48.136646%; height: 50px;\"><span style=\"font-family: verdana, geneva, sans-serif;\">Wismar GER &#8211;<br \/>\nT\u00f6re SWE<br \/>\n<\/span><\/td>\n<\/tr>\n<tr style=\"height: 25px;\">\n<td style=\"width: 49.068323%; height: 25px;\"><strong><span style=\"font-family: verdana, geneva, sans-serif;\">Dates:<\/span><\/strong><\/td>\n<td style=\"width: 48.136646%; height: 25px;\"><span style=\"font-family: verdana, geneva, sans-serif;\">18.06.-03.07.2026<\/span><\/td>\n<\/tr>\n<tr style=\"height: 25px;\">\n<td style=\"width: 49.068323%; height: 25px;\"><strong><span style=\"font-family: verdana, geneva, sans-serif;\">Jours:<\/span><\/strong><\/td>\n<td style=\"width: 48.136646%; height: 25px;\"><span style=\"font-family: verdana, geneva, sans-serif;\">jeudi &#8211; vendredi<\/span><\/td>\n<\/tr>\n<tr style=\"height: 25px;\">\n<td style=\"width: 49.068323%; height: 25px;\"><span style=\"font-family: verdana, geneva, sans-serif;\"><b>Participants (max)<\/b><\/span><\/td>\n<td style=\"width: 48.136646%; height: 25px;\"><span style=\"font-family: verdana, geneva, sans-serif;\">6<\/span><\/td>\n<\/tr>\n<tr style=\"height: 25px;\">\n<td style=\"width: 49.068323%; height: 25px;\"><strong><span style=\"font-family: verdana, geneva, sans-serif;\">Voilier :<\/span><\/strong><\/td>\n<td style=\"width: 48.136646%; height: 25px;\"><span style=\"font-family: verdana, geneva, sans-serif;\">Arcona 400<\/span><\/td>\n<\/tr>\n<tr style=\"height: 25px;\">\n<td style=\"width: 49.068323%; height: 25px;\"><strong><span style=\"font-family: verdana, geneva, sans-serif;\">Skipper<\/span><\/strong><\/td>\n<td style=\"width: 48.136646%; height: 25px;\"><span style=\"font-family: verdana, geneva, sans-serif;\">Felix Galliker<\/span><\/td>\n<\/tr>\n<tr style=\"height: 25px;\">\n<td style=\"width: 49.068323%; height: 25px;\"><strong><span style=\"font-family: verdana, geneva, sans-serif;\">Infos pratiques:<\/span><\/strong><\/td>\n<td style=\"width: 48.136646%; height: 25px;\"><a href=\"https:\/\/safe-sailing.com\/fr\/organisation\/\"><span style=\"font-family: verdana, geneva, sans-serif;\">Organisation<\/span><\/a><\/td>\n<\/tr>\n<\/tbody>\n<\/table>\n<p>&nbsp;<\/p>\n","protected":false},"featured_media":0,"template":"","meta":[],"product_brand":[],"product_cat":[374],"product_tag":[313,296,375,372,328,370,338,376,329],"class_list":{"0":"post-13723","1":"product","2":"type-product","3":"status-publish","5":"product_cat-regate-fr","6":"product_tag-croisiere-de-milles","7":"product_tag-ecole-de-voile-internationale","8":"product_tag-gennaker-fr","9":"product_tag-regatta-fr","10":"product_tag-safe-sailing-fr","11":"product_tag-spinnaker-fr","12":"product_tag-stockholm-fr","13":"product_tag-stockholm-archipelago-fr","14":"product_tag-suede","16":"first","17":"instock","18":"virtual","19":"purchasable","20":"product-type-simple"},"_links":{"self":[{"href":"https:\/\/safe-sailing.com\/fr\/wp-json\/wp\/v2\/product\/13723","targetHints":{"allow":["GET"]}}],"collection":[{"href":"https:\/\/safe-sailing.com\/fr\/wp-json\/wp\/v2\/product"}],"about":[{"href":"https:\/\/safe-sailing.com\/fr\/wp-json\/wp\/v2\/types\/product"}],"wp:attachment":[{"href":"https:\/\/safe-sailing.com\/fr\/wp-json\/wp\/v2\/media?parent=13723"}],"wp:term":[{"taxonomy":"product_brand","embeddable":true,"href":"https:\/\/safe-sailing.com\/fr\/wp-json\/wp\/v2\/product_brand?post=13723"},{"taxonomy":"product_cat","embeddable":true,"href":"https:\/\/safe-sailing.com\/fr\/wp-json\/wp\/v2\/product_cat?post=13723"},{"taxonomy":"product_tag","embeddable":true,"href":"https:\/\/safe-sailing.com\/fr\/wp-json\/wp\/v2\/product_tag?post=13723"}],"curies":[{"name":"wp","href":"https:\/\/api.w.org\/{rel}","templated":true}]}}