{"id":9376,"date":"2020-02-02T16:43:47","date_gmt":"2020-02-02T15:43:47","guid":{"rendered":"https:\/\/safe-sailing.com\/?page_id=9376"},"modified":"2021-04-28T11:18:56","modified_gmt":"2021-04-28T09:18:56","slug":"miles-and-more","status":"publish","type":"page","link":"https:\/\/safe-sailing.com\/fr\/miles-and-more\/","title":{"rendered":"Miles and More"},"content":{"rendered":"<p><span><img loading=\"lazy\" decoding=\"async\" alt=\"\" data-id=\"1783\" width=\"4164\" height=\"1562\" title=\"Arctic Breeze at anchor \u2013 16-6 bw\" src=\"https:\/\/safe-sailing.com\/wp-content\/uploads\/2017\/10\/Arctic-Breeze-at-anchor-16-6-bw.jpg\"><\/span><\/p>\n<p>Arctic Breeze at anchor<\/p>\n<h1><strong>Miles and More<\/strong><\/h1>\n<p><strong><strong>Voile et d\u00e9couverte<\/strong><\/strong><\/p>\n<h6 style=\"font-size: 19px !important;\">Venez parfaire vos comp\u00e9tences nautiques!<\/h6>\n<p><span><img loading=\"lazy\" decoding=\"async\" alt=\"\" width=\"1500\" height=\"1000\" title=\"67 MOB Training\" data-id=\"3509\" src=\"https:\/\/safe-sailing.com\/wp-content\/uploads\/2017\/10\/67-MOB-Training.jpg\"><\/span><\/p>\n<p>Fun is a must<\/p>\n<p>Profitez de vos vacances pour apprendre la voile, faire des milles ou simplement perfectionner vos comp\u00e9tences nautiques. La voile est une activit\u00e9 id\u00e9ale pour sortir du train-train quotidien. Venez prendre un bon bol d\u2019air marin et naviguer dans une zone fascinante et exigeante.<\/p>\n<h6 style=\"font-size: 19px !important;\"><strong>Qu&rsquo;allez-vous vivre?<\/strong><\/h6>\n<p style=\"\">Une exp\u00e9rience inoubliable<\/p>\n<p><span><img loading=\"lazy\" decoding=\"async\" alt=\"\" width=\"1500\" height=\"1000\" title=\"Morning colors\" data-id=\"3574\" src=\"https:\/\/safe-sailing.com\/wp-content\/uploads\/2017\/10\/KA20170811_0987.jpg\"><\/span><\/p>\n<p>Morning colors<\/p>\n<h6><strong><span style=\"font-size: 19px;\">Arctic Breeze: un voilier confortable et performant<\/span><\/strong><strong>\u200b<\/strong><\/h6>\n<p>Naviguer avec l&rsquo;un des meilleurs voiliers de course\/croisi\u00e8re su\u00e9dois dans une zone de navigation idyllique. Les \u00e9tapes seront fix\u00e9es en tenant compte des vents actuels et des pr\u00e9visions m\u00e9t\u00e9orologiques. Nous aurons l&rsquo;occasion de s&rsquo;exercer aux man\u0153uvres de navigation.Conjuguer le plaisir de naviguer et d&rsquo;\u00eatre sur la mer. Larguer les amarres, hisser les voiles, et d\u00e9couvrir une zone de navigation fascinante.<\/p>\n<h6><strong>S\u00e9curit\u00e9<\/strong><\/h6>\n<h6>Un point essentiel<\/h6>\n<p><span><img loading=\"lazy\" decoding=\"async\" alt=\"Sturmfock fest binden\" width=\"1500\" height=\"1000\" title=\"Strom jib\" data-id=\"1143\" src=\"\/\/safe-sailing.com\/wp-content\/uploads\/2017\/09\/Strom-jib-20.jpg\"><\/span><\/p>\n<p>Storm jib fasten up<\/p>\n<h6><strong>Instruction d\u00e9taill\u00e9e<\/strong><strong>\u200b<\/strong><\/h6>\n<p>Nous vous pr\u00e9senterons en d\u00e9tail l\u2019\u00e9quipement de s\u00e9curit\u00e9 du voilier et son utilisation. Vous commencerez par v\u00e9rifier le gilet de sauvetage que vous porterez pendant la croisi\u00e8re. Nous \u00e9voquerons plusieurs situations d\u2019urgence auxquelles nous apprendrons \u00e0 r\u00e9agir par des exercices pratiques.<\/p>\n<\/p>\n<h6><strong>Vie \u00e0 bord<\/strong><\/h6>\n<h6>Ensemble<\/h6>\n<p><span><img loading=\"lazy\" decoding=\"async\" alt=\"Fr\u00f6hliche Crew\" width=\"3024\" height=\"2016\" title=\"Happy crew\" data-id=\"1942\" src=\"\/\/safe-sailing.com\/wp-content\/uploads\/2017\/10\/IMG_2447.jpg\"><\/span><\/p>\n<p>Fun must be a part of sailing<\/p>\n<h6><strong>Respect et esprit d&rsquo;\u00e9quipe<\/strong><strong>\u200b<\/strong><\/h6>\n<p>\u200b\u00c0 bord de notre voilier <em>Arctic Breeze<\/em>, nous privil\u00e9gions une communication ouverte et respectueuse. Tout le monde partic<u>\u200b<\/u>ipe \u00e0 la vie \u00e0 bord et au bon fonctionnement du bateau.<\/p>\n<h6 style=\"font-size: 19px !important;\"><strong>Larguer les amarres<\/strong><\/h6>\n<h6 style=\"font-size: 19px !important;\">M\u00e9t\u00e9o<\/h6>\n<p><span><img loading=\"lazy\" decoding=\"async\" alt=\"Wolken\" width=\"1500\" height=\"1000\" title=\"Clouds\" data-id=\"1349\" src=\"\/\/safe-sailing.com\/wp-content\/uploads\/2017\/10\/Clouds.jpg\"><\/span><\/p>\n<p>After a cold front<\/p>\n<h6><strong><span style=\"font-size: 19px;\">Conditions m\u00e9t\u00e9orologiques<\/span><\/strong><strong>\u200b<\/strong><\/h6>\n<p>La planification d\u00e9finitive de la croisi\u00e8re d\u00e9pendra des conditions m\u00e9t\u00e9orologiques, de l\u2019\u00e9tat de la mer et du vent. <em>Arctic Breeze<\/em> est en excellent \u00e9tat et \u00e9quip\u00e9 pour le gros temps. Il se peut tout de m\u00eame qu\u2019il faille renoncer \u00e0 prendre la mer ou changer de port de d\u00e9part ou d\u2019arriv\u00e9e si les conditions m\u00e9t\u00e9o ou techniques l\u2019exigent. Nous ferons bien entendu notre possible pour l\u2019\u00e9viter, mais la s\u00e9curit\u00e9 de l\u2019\u00e9quipage et du bateau passe avant tout.<\/p>\n<h6 style=\"font-size: 19px !important;\"><strong>Skipper<\/strong><\/h6>\n<h6 style=\"font-size: 19px !important;\">Passion meets knowledge<\/h6>\n<p><span><img loading=\"lazy\" decoding=\"async\" alt=\"Partners laugh\" width=\"1408\" height=\"939\" title=\"Fun among instructors\" data-id=\"2037\" src=\"https:\/\/safe-sailing.com\/wp-content\/uploads\/2017\/10\/Partners-laugh-3-2.jpg\"><\/span><\/p>\n<p>SAFE-Sailing Chief Instructor Nigel &amp; Principal Felix<\/p>\n<h6 style=\"font-size: 19px !important;\"><strong>Naviguer sans stress<\/strong><strong><\/strong><\/h6>\n<p>Des instructeurs motiv\u00e9s et exp\u00e9riment\u00e9s \u00e0 votre service.<\/p>\n","protected":false},"excerpt":{"rendered":"<p>Arctic Breeze at anchor Miles and More Voile et d\u00e9couverte Venez parfaire vos comp\u00e9tences nautiques! Fun is a must Profitez de vos vacances pour apprendre la voile, faire des milles ou simplement perfectionner vos comp\u00e9tences nautiques. La voile est une activit\u00e9 id\u00e9ale pour sortir du train-train quotidien. Venez prendre un bon bol d\u2019air marin et [&hellip;]<\/p>\n","protected":false},"author":1,"featured_media":3345,"parent":0,"menu_order":0,"comment_status":"closed","ping_status":"closed","template":"","meta":{"footnotes":""},"class_list":["post-9376","page","type-page","status-publish","has-post-thumbnail","hentry"],"_links":{"self":[{"href":"https:\/\/safe-sailing.com\/fr\/wp-json\/wp\/v2\/pages\/9376","targetHints":{"allow":["GET"]}}],"collection":[{"href":"https:\/\/safe-sailing.com\/fr\/wp-json\/wp\/v2\/pages"}],"about":[{"href":"https:\/\/safe-sailing.com\/fr\/wp-json\/wp\/v2\/types\/page"}],"author":[{"embeddable":true,"href":"https:\/\/safe-sailing.com\/fr\/wp-json\/wp\/v2\/users\/1"}],"replies":[{"embeddable":true,"href":"https:\/\/safe-sailing.com\/fr\/wp-json\/wp\/v2\/comments?post=9376"}],"version-history":[{"count":12,"href":"https:\/\/safe-sailing.com\/fr\/wp-json\/wp\/v2\/pages\/9376\/revisions"}],"predecessor-version":[{"id":11863,"href":"https:\/\/safe-sailing.com\/fr\/wp-json\/wp\/v2\/pages\/9376\/revisions\/11863"}],"wp:featuredmedia":[{"embeddable":true,"href":"https:\/\/safe-sailing.com\/fr\/wp-json\/wp\/v2\/media\/3345"}],"wp:attachment":[{"href":"https:\/\/safe-sailing.com\/fr\/wp-json\/wp\/v2\/media?parent=9376"}],"curies":[{"name":"wp","href":"https:\/\/api.w.org\/{rel}","templated":true}]}}