{"id":7132,"date":"2019-11-05T21:37:38","date_gmt":"2019-11-05T20:37:38","guid":{"rendered":"https:\/\/safe-sailing.com\/?page_id=7132"},"modified":"2019-11-05T21:37:39","modified_gmt":"2019-11-05T20:37:39","slug":"partner","status":"publish","type":"page","link":"https:\/\/safe-sailing.com\/fr\/partner\/","title":{"rendered":"Partner"},"content":{"rendered":"<h1 style=\"text-align: left;\"><strong>Link zu unseren Partner &amp; Organisationen<\/strong><\/h1>\n<h6><strong>Government Organisation<\/strong><\/h6>\n<p><strong>IMO<\/strong><a href=\"http:\/\/www.imo.org\/en\/About\/Conventions\/ListOfConventions\/Pages\/International-Convention-for-the-Safety-of-Life-at-Sea-(SOLAS),-1974.aspx\" target=\"_blank\" rel=\"noopener noreferrer\">International Maritime Organization<\/a><\/p>\n<h1>\u200b<a href=\"http:\/\/www.imo.org\/en\/About\/Conventions\/ListOfConventions\/Pages\/International-Convention-for-the-Safety-of-Life-at-Sea-(SOLAS),-1974.aspx\" target=\"_blank\" rel=\"noopener noreferrer\">\u200b<\/a>\u200b\u200b\u200bThe mission of the International Maritime Organization (IMO) as a United Nations specialized agency is to promote safe, secure, environmentally sound, efficient and sustainable shipping through cooperation. This will be accomplished by adopting the highest practicable standards of maritime safety and security, efficiency of navigation and prevention and control of pollution from ships, as well as through consideration of the related legal matters and effective implementation of IMO\u2019s instruments with a view to their universal and uniform application.<\/h1>\n<p>\u200b\u200b\u200b\u200b<strong>MCA, UK<\/strong><a href=\"https:\/\/www.gov.uk\/government\/organisations\/maritime-and-coastguard-agency#content\" target=\"_blank\" rel=\"noopener noreferrer\">Maritime &amp; Coastguard Agency<\/a><\/p>\n<h1>We work to prevent the loss of life on the coast and at sea. We produce legislation and guidance on maritime matters, and provide certification to seafarers.<\/h1>\n<p>\u200b\u200b\u200b\u200b<strong>MSN, UK<\/strong><a href=\"http:\/\/solasv.mcga.gov.uk\" target=\"_blank\" rel=\"noopener noreferrer\">Marine Shipping Notice<\/a><\/p>\n<h1>There are three different types of Marine Shipping Notice; <strong>&#8211; Merchant Shipping Notice (MSN)<\/strong>,\u00a0<strong>&#8211; Marine Guidance Notice (MGN)<\/strong>\u00a0and\u00a0<strong>&#8211; Marine Information Notice (MIN)<\/strong>.\u00a0These Notices publicise to the shipping and fishing industries important safety, pollution prevention and other relevant information.\u00a0Merchant Shipping Notices are used to convey mandatory information that must be complied with under UK legislation. These MSNs relate to Statutory Instruments and contain the technical detail of such regulations.\u00a0Marine Guidance Notices give significant advice and guidance relating to the improvement of the safety of shipping and of life at sea, and to prevent or minimise pollution from shipping.\u00a0Marine Information Notices are intended for a more limited audience e.g. training establishments or equipment manufacturers, or contain information which will only be of use for a short period of time, such as timetables for MCA examinations. MINs are numbered in sequence and have a cancellation date (which will typically be no more than twelve months after publication).\u00a0Within each series of Marine Notices suffixes are used to indicate whether documents relate to merchant ships or fishing vessels, or to both. The suffixes following the number are:(M) for merchant ships (F) for fishing vessels(M+F) for both merchant ships and fishing vessels<\/h1>\n<p><strong>MAIB<a href=\"https:\/\/www.gov.uk\/government\/organisations\/maritime-and-coastguard-agency#content\" target=\"_blank\" rel=\"noopener noreferrer\">\u200b<\/a>, UK<\/strong><a href=\"https:\/\/www.gov.uk\/government\/organisations\/marine-accident-investigation-branch\" target=\"_blank\" rel=\"noopener noreferrer\">Maritime Accident Investigation Branch<\/a><\/p>\n<h1>The MAIB investigates marine accidents involving UK vessels worldwide and all vessels in UK territorial waters.<\/h1>\n<p><strong>MET Office Marine, UK<\/strong><a href=\"https:\/\/www.metoffice.gov.uk\/public\/weather\/marine\" target=\"_blank\" rel=\"noopener noreferrer\">Marine shipping forecast and gale warning<\/a><\/p>\n<p><span style=\"color: #5a5a5a;\">Shipping forecast and gale warnings, inshore waters forecast and strong wind warnings, high seas forecast and storm warnings.<\/span><\/p>\n<h2><span style=\"color: #5a5a5a;\">The Met Office provides a wide range of marine forecasts and warnings.<\/span><\/h2>\n<p>In the UK, the Maritime and Coastguard Agency (MCA) is responsible for the provision of Maritime Safety Information (MSI) to ships at sea, which includes the broadcast of warnings and forecasts. This includes Navigation Warnings.<\/p>\n<p>The Met Office initiates warnings and prepares routine forecasts for dissemination on behalf of the MCA.<\/p>\n<h6><strong>Institutions &amp; Associations<\/strong><\/h6>\n<p><strong>RYA, UK<\/strong><a href=\"https:\/\/www.rya.org.uk\/Pages\/Home.aspx\" target=\"_blank\" rel=\"noopener noreferrer\">Royal Yachting Association<\/a><\/p>\n<h1>The RYA is the UK national body for dinghy, yacht and motor cruising, all forms of sail racing, RIBs and sports boats, windsurfing and personal watercraft and a leading representative for inland waterways cruising.<\/h1>\n<p><strong>RNLI, UK<\/strong><a href=\"https:\/\/rnli.org\" target=\"_blank\" rel=\"noopener noreferrer\">Royal National Lifeboat Institution<\/a><\/p>\n<p>Our volunteer lifeboat crews provide a 24-hour rescue service in the UK and Ireland, and our seasonal lifeguards look after people on busy beaches. Our Flood Rescue Team helps those affected by flooding.<\/p>\n<p><strong><strong>DGzRS, D<\/strong><\/strong><a href=\"http:\/\/Die Deutsche Gesellschaft zur Rettung Schiffbr\u00fcchiger\" target=\"_blank\" rel=\"noopener noreferrer\">Die Deutsche Gesellschaft zur Rettung Schiffbr\u00fcchiger<\/a><\/p>\n<p>\u200b<a href=\"http:\/\/Die Deutsche Gesellschaft zur Rettung Schiffbr\u00fcchiger\" target=\"_blank\" rel=\"noopener noreferrer\">\u200b<\/a>\u200b\u200b\u200bSchiffbr\u00fcchige aus Seenot retten. Menschen aus Gefahren befreien. Verletzte und Kranke versorgen. Wir sind klar zum Einsatz \u2013\u00a0rund um die Uhr und bei jedem, wirklich jedem Wetter.<\/p>\n<p><strong>SNSM, F<\/strong><a href=\"https:\/\/www.snsm.org\" target=\"_blank\" rel=\"noopener noreferrer\">Soci\u00e9t\u00e9 Nationale de Sauvetage en Mer<\/a><\/p>\n<p>Sauver des vies en mer et sur le littoral &#8211; Cette premi\u00e8re mission comprend les sauvetages au large, assur\u00e9s par les sauveteurs embarqu\u00e9s b\u00e9n\u00e9voles, et la surveillance des plages, prise en charge par les nageurs-sauveteurs volontaires. Les sauveteurs embarqu\u00e9s ont pour r\u00f4le de porter assistance \u00e0 toute personne en situation de naufrage r\u00e9el ou potentiel.<\/p>\n<h6><strong>Partner<\/strong><\/h6>\n<p><strong>Klaus Andrews, D<\/strong><a href=\"https:\/\/klausandrews.com\" target=\"_blank\" rel=\"noopener noreferrer\">Fotografie und Reportage<\/a><\/p>\n<p>Super professionell, hilfsbereit und die Bescheidenheit in Person. <em>Merci f\u00fcr die eindr\u00fccklichen Fotos auf unserer Webseite.<\/em><\/p>\n<p><strong>SMA, CH<\/strong><a href=\"https:\/\/www.maritime-academy.ch\/index.php\/rya-courses\/shorebased-rya-courses\/rya-src-funkkurs\" target=\"_blank\" rel=\"noopener noreferrer\">Swiss Maritime Academy<\/a><\/p>\n<p>Unser Vertrauenspartern f\u00fcr alle \u00ab\u00a0Shorebased RYA Kurse\u00a0\u00bb.<em>SAFE-Sailing Tipp: Der RYA SRC Radio Kurs bezieht sich auf das Wesentliche und ist weltweit anerkannt.\u00a0<\/em><\/p>\n<p><strong>My Charter, CH<\/strong><strong>\u200b<\/strong><a href=\"https:\/\/mycharter.ch\" target=\"_blank\" rel=\"noopener noreferrer\">My Charter<\/a><\/p>\n<p>Unter der Marke my charter\u2122 bieten wir weltweit Yachtcharter &#8211; Destinationen an, von bareboat bis crewed Yachtcharter.<em>SAFE-Sailing Tipp: Profunde Kenntnisse des Yachtcharter-Business. Erste Anlaufstelle in der Deutschschweiz.<\/em><\/p>\n<p><strong>\u200bReventlou, D<\/strong><a href=\"https:\/\/www.sporthafen-kiel.de\" target=\"_blank\" rel=\"noopener noreferrer\">Sporth\u00e4fen Kiel<\/a><\/p>\n<p>Ob Strand oder Meer, Kultur oder Shopping \u2013 mit seiner Lage an der Ostsee vereint Kiel alle Vorz\u00fcge eines Urlaubsziels mit denen einer Gro\u00dfstadt. Knapp eine Stunde von der Metropole Hamburg entfernt, ist Kiel das Tor zu Skandinavien und idealer Ausgangspunkt f\u00fcr einen Segelt\u00f6rn auf der Ostsee<em>SAFE-Sailing Tipp: Meine Lieblingsh\u00e4fen in Kiel: Reventlou &amp; Stickenh\u00f6rn<\/em><\/p>\n<p><strong>Voile Evasion, CH<\/strong><strong>\u200b<\/strong><a href=\"https:\/\/www.voile-evasion.ch\" target=\"_blank\" rel=\"noopener noreferrer\">Voile Evasion<\/a><\/p>\n<p>Vos vacances en voilier sur mesure. Nous organisons votre voyage 100% personnalis\u00e9.\u00a0<em>Le bon tuyau de SAFE-Sailing: Votre adresse en Suisse romande pour des vacances\u00a0<\/em>r\u00e9ussies.<\/p>\n<h6><strong><strong>\u00a0Technical suppliers\u00a0<\/strong><strong>an<\/strong><strong>d s<\/strong><strong>ervic<\/strong><strong>e\u00a0<\/strong>providers<\/strong><\/h6>\n<p><strong>Arcona Yachts, S<\/strong><strong>\u200b<\/strong><a href=\"https:\/\/arconayachts.se\" target=\"_blank\" rel=\"noopener noreferrer\">Arcona Yachts of Sweden<\/a><\/p>\n<p><em>\u201cIt is a fantastic feeling when you set sails, start to trim and feel the drive in the boat. When she gets a touch of heel and takes off, you feel the balance and stiffness, that is unbeatable. That\u2019s a world class yacht.\u201d\u00a0<\/em><\/p>\n<p><em>\u2013 Torgny Jansson, founder of Arcona Yachts AB<\/em><em>\u200b<\/em><em>SAFE-Sailing Tipp: Komm an Bord und \u00fcberzeuge dich selber.<\/em><\/p>\n<p><strong>B&amp;W, CH<\/strong><a href=\"https:\/\/www.bucher-walt.ch\/de\/shop\/home\" target=\"_blank\" rel=\"noopener noreferrer\">Bucher &amp; Walt<\/a><\/p>\n<p>We import and distribute more than 100 brands on the nautical market, distribute more than 100 reseller shops and 500 ship chandlers and get also our own physical &amp; digital shop.<em>SAFE-Sailing Tipp: Hilfsbereit und schneller Service<\/em><\/p>\n<p><strong>Telemarine, CH<\/strong><a href=\"http:\/\/www.telemarine.ch\/accueil.php\" target=\"_blank\" rel=\"noopener noreferrer\">Telemarine<\/a><\/p>\n<p>Equipements \u00e9lectroniques pour la navigation:\u2022 Installations \u00e9lectriques\u2022 Support technique, ing\u00e9nieur conseil <em><em>Le bon tuyau de SAFE-Sailing:<\/em> Viel besser als sein Web-Auftritt<\/em><\/p>\n<p><strong>Infanger, CH<\/strong><strong>\u200b<\/strong><a href=\"https:\/\/www.infanger-propeller.ch\/de\/propeller\" target=\"_blank\" rel=\"noopener noreferrer\">Infanger Propeller<\/a><\/p>\n<p>Das Kompetenzzentrum in Sachen Propeller. <em>SAFE-Sailing Tipp: 3-Blatt Faltpropeller von GORI<\/em><\/p>\n<p><strong>MarIndTec, CH<\/strong><a href=\"https:\/\/marindtec.ch\" target=\"_blank\" rel=\"noopener noreferrer\">Volvo Penta Center<\/a><\/p>\n<p>Offizieller Volvo Penta Importeur in der Schweiz<\/p>\n<p><strong>MWA Augustin, D<\/strong><a href=\"http:\/\/mwa-kiel.de\" target=\"_blank\" rel=\"noopener noreferrer\">Volvo Penta Center<\/a><\/p>\n<p>Offizieller Vertragspartner f\u00fcr Volvo Penta in KielDer kompetenter Ansprechpartner f\u00fcr Schiffsmotoren.Unser Slogan ist unsere Philosophie \u00ab\u00a0im Dienste der Schifffahrt\u00a0\u00bb.<em>SAFE-Sailing Tipp: Dem Slogan wir auch nachgelebt &#8211; BRAVO!<\/em><\/p>\n<p><strong>Spinlock, UK<\/strong><a href=\"https:\/\/www.spinlock.co.uk\/en\" target=\"_blank\" rel=\"noopener noreferrer\">Spinlock products<\/a><\/p>\n<p>Spinlock is an independent and innovative company, widely acknowledged as the world expert in ropeholding and lifejacket. Based in Cowes, UK<em>SAFE-Sailing Tipp: Die ultra-lightweight Deckvest LITE+<\/em><em>Nur eine getragenes Lifejacket kann Leben retten!<\/em><\/p>\n","protected":false},"excerpt":{"rendered":"<p>Link zu unseren Partner &amp; Organisationen Government Organisation IMOInternational Maritime Organization \u200b\u200b\u200b\u200b\u200bThe mission of the International Maritime Organization (IMO) as a United Nations specialized agency is to promote safe, secure, environmentally sound, efficient and sustainable shipping through cooperation. This will be accomplished by adopting the highest practicable standards of maritime safety and security, efficiency of [&hellip;]<\/p>\n","protected":false},"author":1,"featured_media":4005,"parent":0,"menu_order":0,"comment_status":"closed","ping_status":"closed","template":"","meta":{"footnotes":""},"class_list":["post-7132","page","type-page","status-publish","has-post-thumbnail","hentry"],"_links":{"self":[{"href":"https:\/\/safe-sailing.com\/fr\/wp-json\/wp\/v2\/pages\/7132","targetHints":{"allow":["GET"]}}],"collection":[{"href":"https:\/\/safe-sailing.com\/fr\/wp-json\/wp\/v2\/pages"}],"about":[{"href":"https:\/\/safe-sailing.com\/fr\/wp-json\/wp\/v2\/types\/page"}],"author":[{"embeddable":true,"href":"https:\/\/safe-sailing.com\/fr\/wp-json\/wp\/v2\/users\/1"}],"replies":[{"embeddable":true,"href":"https:\/\/safe-sailing.com\/fr\/wp-json\/wp\/v2\/comments?post=7132"}],"version-history":[{"count":1,"href":"https:\/\/safe-sailing.com\/fr\/wp-json\/wp\/v2\/pages\/7132\/revisions"}],"predecessor-version":[{"id":7133,"href":"https:\/\/safe-sailing.com\/fr\/wp-json\/wp\/v2\/pages\/7132\/revisions\/7133"}],"wp:featuredmedia":[{"embeddable":true,"href":"https:\/\/safe-sailing.com\/fr\/wp-json\/wp\/v2\/media\/4005"}],"wp:attachment":[{"href":"https:\/\/safe-sailing.com\/fr\/wp-json\/wp\/v2\/media?parent=7132"}],"curies":[{"name":"wp","href":"https:\/\/api.w.org\/{rel}","templated":true}]}}