{"id":6153,"date":"2019-02-19T17:14:36","date_gmt":"2019-02-19T16:14:36","guid":{"rendered":"https:\/\/safe-sailing.com\/?page_id=6153"},"modified":"2021-04-28T11:07:10","modified_gmt":"2021-04-28T09:07:10","slug":"first-aid","status":"publish","type":"page","link":"https:\/\/safe-sailing.com\/fr\/first-aid\/","title":{"rendered":"First Aid"},"content":{"rendered":"<h1 style=\"text-align: left;\"><strong>RYA First Aid Course<\/strong><\/h1>\n<h6><strong>Etendre ses comp\u00e9tences en tant que skipper<\/strong><strong>\u200b<\/strong>\u200b\u200b\u200b\u200b<\/h6>\n<p>Cours de premiers secours d&rsquo;un jour pour apprendre comment r\u00e9agir en mer dans les situations d&rsquo;urgence. Le cours RYA First Aid at Sea est reconnu mondialement et ax\u00e9 sur les probl\u00e8mes m\u00e9dicaux en mer.<\/p>\n<p>Le certificat de premiers secours certifi\u00e9 RYA\/MCA est reconnu par l&rsquo;Office suisse de la navigation maritime pour l&rsquo;obtention du permis mer au sens de l&rsquo;art. 4, al. 1 de l&rsquo;ordonnance sur le certificat de conduite en mer (RS 747.321.71).<\/p>\n<p><span><img loading=\"lazy\" decoding=\"async\" alt=\"CPR (Cardiopulmonary Resuscitation)\" width=\"4000\" height=\"2743\" title=\"rawpixel-760113-unsplash\" data-id=\"6056\" src=\"https:\/\/safe-sailing.com\/wp-content\/uploads\/2019\/02\/rawpixel-760113-unsplash.jpg\"><\/span><\/p>\n<p>First Aid training CPR<\/p>\n<p><span><\/span><\/p>\n<h4><em><strong>R<\/strong><\/em><em><strong>YA &#8211; First Aid Course:&nbsp;<\/strong>&nbsp;<\/em><em><em>Expand your skills as a responsible skipper<\/em><\/em><\/h4>\n<p>In a medical emergency a first aid knowledge and immediate action can save lives, especially in remote locations. This one-day course is designed to provide a working knowledge of first aid for people using small craft and to support skippers.<\/p>\n<p>Our one-day course covers all the usual first aid subjects, but from a boating perspective. It is aimed at anyone who goes afloat, whether on inland waters, rivers, estuaries or on cross channel passages.<\/p>\n<table data-rows=\"7\" data-cols=\"2\">\n<thead>\n<tr>\n<th>\n<h6><strong>Course details<\/strong><\/h6>\n<\/th>\n<th>\n<h6 style=\"text-align: right;\"><strong><strong><\/strong><\/strong><\/h6>\n<\/th>\n<\/tr>\n<\/thead>\n<tbody>\n<tr>\n<td>\n<p>Pre-Course Experience<\/p>\n<\/td>\n<td>\n<p style=\"text-align: left;\">No experience required<\/p>\n<\/td>\n<\/tr>\n<tr>\n<td>\n<p>Assumed Knowledge<\/p>\n<\/td>\n<td>\n<p>None<\/p>\n<\/td>\n<\/tr>\n<tr>\n<td>\n<p>Student Instructor Ratio<\/p>\n<\/td>\n<td>\n<p>Max 10 : 1<\/p>\n<\/td>\n<\/tr>\n<tr>\n<td rowspan=\"1\" colspan=\"1\">\n<p>Duration<\/p>\n<\/td>\n<td rowspan=\"1\" colspan=\"1\">\n<p>Self-study of the course materials: 4-5 h1 day course<\/p>\n<\/td>\n<\/tr>\n<tr>\n<td rowspan=\"1\" colspan=\"1\">\n<p>Ability after Course<\/p>\n<\/td>\n<td rowspan=\"1\" colspan=\"1\">\n<p>Improved confidence to offer basic first aid in a range of situations you may encounter whilst at sea.<\/p>\n<\/td>\n<\/tr>\n<tr>\n<td rowspan=\"1\" colspan=\"1\">\n<p>Course Content<\/p>\n<\/td>\n<td rowspan=\"1\" colspan=\"1\">\n<p>See detailed Syllabus below<\/p>\n<\/td>\n<\/tr>\n<\/tbody>\n<\/table>\n<p><span><\/span><\/p>\n<h4>\n<p><strong>Syllabus<\/strong><strong>&nbsp;First Aid Course:<\/strong>&nbsp;<\/p>\n<\/h4>\n<ul>\n<li>CPR (Cardiopulmonary Resuscitation)&nbsp;<\/li>\n<li>Cold shock and hypothermia after falling into the water<\/li>\n<li>Drowning and near-drowning, how do we treat such victims?<\/li>\n<li>Head injuries, recognize and treat properly<\/li>\n<li>Medical shock.&nbsp;What is it, how do we recognize and treat one<\/li>\n<li>How do we get medical help via radio<\/li>\n<li>Helicopter evacuation from a ship or liferaft at sea<\/li>\n<li>Explanation and application of Category C Medical Stores (Category C Medicines)<\/li>\n<\/ul>\n<p>Our RYA Shorebased training centre partner Swiss Maritime Academy is based in Switzerland and conducts this course for us on his own responsibilities. Your details are forwarded to Swiss Maritime Academy for further booking formalities.<\/p>\n<h6><strong>Autres formations<\/strong><\/h6>\n<h6><strong>RYA Day Skipper<\/strong><\/h6>\n<p><span><img loading=\"lazy\" decoding=\"async\" alt=\"RYA Day Skipper Kurs\" width=\"1500\" height=\"1069\" title=\"RYA Day Skipper\" data-id=\"2174\" src=\"\/\/safe-sailing.com\/wp-content\/uploads\/2017\/10\/Day-Skipper.jpg\"><\/span><\/p>\n<p>RYA Day Skipper Course<\/p>\n<p><em>RYA Day Skipper is a demanding course for aspiring skippers with some yachting experience and basic navigation and sailing skills.<\/em><em>\u200b<\/em><em><\/em><em><\/em>This is a hands-on course that is highly recommended for anyone who regularly sails on board a yacht. It\u2019s designed to improve skills and build knowledge of all aspects of life at sea whilst skippering a sailing yacht during short passages.<\/p>\n<h6><strong>RYA Coastal Skipper<\/strong><\/h6>\n<p><span><img loading=\"lazy\" decoding=\"async\" alt=\"RYA Coastal Kurs\" width=\"1500\" height=\"1000\" title=\"Fast sailing upwind, RYA Coastal Skipper Course\" data-id=\"3621\" src=\"\/\/safe-sailing.com\/wp-content\/uploads\/2017\/10\/RYA-Coastal-Skipper.jpg\"><\/span><\/p>\n<p>RYA Coastal Course<\/p>\n<p><em>Advanced skippering techniques for yachtsmen and women with considerable knowledge of sailing and navigation, wanting to undertake coastal passages by day and night.<\/em><em>\u200b<\/em>RYA Coastal Skipper is the ideal qualification to follow RYA Day Skipper. It may also form a bridge to a MCA\/RYA Yachtmaster\u2122 examination. It\u2019s designed to give an experienced skipper the confidence to undertake longer and more complex passages which may involve sailing at night or involve watch-keeping systems.<\/p>\n","protected":false},"excerpt":{"rendered":"<p>RYA First Aid Course Etendre ses comp\u00e9tences en tant que skipper\u200b\u200b\u200b\u200b\u200b Cours de premiers secours d&rsquo;un jour pour apprendre comment r\u00e9agir en mer dans les situations d&rsquo;urgence. Le cours RYA First Aid at Sea est reconnu mondialement et ax\u00e9 sur les probl\u00e8mes m\u00e9dicaux en mer. Le certificat de premiers secours certifi\u00e9 RYA\/MCA est reconnu par [&hellip;]<\/p>\n","protected":false},"author":1,"featured_media":0,"parent":0,"menu_order":0,"comment_status":"closed","ping_status":"closed","template":"","meta":{"footnotes":""},"class_list":["post-6153","page","type-page","status-publish","hentry"],"_links":{"self":[{"href":"https:\/\/safe-sailing.com\/fr\/wp-json\/wp\/v2\/pages\/6153","targetHints":{"allow":["GET"]}}],"collection":[{"href":"https:\/\/safe-sailing.com\/fr\/wp-json\/wp\/v2\/pages"}],"about":[{"href":"https:\/\/safe-sailing.com\/fr\/wp-json\/wp\/v2\/types\/page"}],"author":[{"embeddable":true,"href":"https:\/\/safe-sailing.com\/fr\/wp-json\/wp\/v2\/users\/1"}],"replies":[{"embeddable":true,"href":"https:\/\/safe-sailing.com\/fr\/wp-json\/wp\/v2\/comments?post=6153"}],"version-history":[{"count":6,"href":"https:\/\/safe-sailing.com\/fr\/wp-json\/wp\/v2\/pages\/6153\/revisions"}],"predecessor-version":[{"id":11855,"href":"https:\/\/safe-sailing.com\/fr\/wp-json\/wp\/v2\/pages\/6153\/revisions\/11855"}],"wp:attachment":[{"href":"https:\/\/safe-sailing.com\/fr\/wp-json\/wp\/v2\/media?parent=6153"}],"curies":[{"name":"wp","href":"https:\/\/api.w.org\/{rel}","templated":true}]}}