{"id":4191,"date":"2017-10-30T15:49:20","date_gmt":"2017-10-30T14:49:20","guid":{"rendered":"https:\/\/safe-sailing.com\/?page_id=4191"},"modified":"2023-10-09T09:35:07","modified_gmt":"2023-10-09T07:35:07","slug":"quemporter","status":"publish","type":"page","link":"https:\/\/safe-sailing.com\/fr\/quemporter\/","title":{"rendered":"Qu\u2019emporter?"},"content":{"rendered":"<h1 style=\"text-align: left;\"><strong>Que mettre dans ses bagages?<\/strong><\/h1>\n<h6><strong>Liste<\/strong><\/h6>\n<h6><\/h6>\n<ul>\n<li><span data-name=\"sailing-boat-water2\"><\/span><span><strong>Equipement de voile<\/strong><\/span><\/li>\n<li><span>Veste de quart<\/span><\/li>\n<li><span>Salopette de quart<\/span><\/li>\n<li><span>Bottes de quart (Goretex par ex.)<\/span><\/li>\n<li><span>Chaussures de voile<\/span><\/li>\n<li><span>Gants de voile<\/span><\/li>\n<li><span>Lunettes de soleil<\/span><\/li>\n<li><span>D\u00e9manilleur\/couteau de marin<\/span><\/li>\n<li><span><\/span><\/li>\n<li><span>Recommandation:<\/span><\/li>\n<li><span>Lampe frontale avec lumi\u00e8re rouge<\/span><\/li>\n<\/ul>\n<ul>\n<li><span><strong>V\u00eatements<\/strong><\/span><\/li>\n<li><span>Polaire<\/span><\/li>\n<li><span>V\u00eatements de sport<\/span><\/li>\n<li><span>Sous-v\u00eatements techniques<\/span><\/li>\n<li><span>Chaussettes<\/span><\/li>\n<li><span>Bonnet, chapeau<\/span><\/li>\n<li><span>Chaussures de ville<\/span><\/li>\n<li><span>Linges de cuisine<\/span><\/li>\n<li><span><\/span><\/li>\n<li><span>Recommandation:<\/span><\/li>\n<li><span>Sacs imperm\u00e9ables pour ranger les habits en dehors du sac de voyage&nbsp;<\/span><\/li>\n<\/ul>\n<ul>\n<li><span><strong>Affaires personnelles<\/strong><\/span><\/li>\n<li><span>Documents de voyage<\/span><\/li>\n<li><span>Attestation de milles \/ livre de bord<\/span><\/li>\n<li><span>Sac de couchage, oreiller<\/span><\/li>\n<li><span>Trousse de toilette<\/span><\/li>\n<li><span>Cr\u00e8me solaire<\/span><\/li>\n<li><span>M\u00e9dicaments<\/span><\/li>\n<li><span>Recette pour un repas chaud<\/span><\/li>\n<li><span><\/span><\/li>\n<li><span>Recommandation:<\/span><\/li>\n<li><span>Sac de voile ou de voyage pliable prenant le moins de place possible&nbsp;<\/span><\/li>\n<\/ul>\n","protected":false},"excerpt":{"rendered":"<p>Que mettre dans ses bagages? Liste Equipement de voile Veste de quart Salopette de quart Bottes de quart (Goretex par ex.) Chaussures de voile Gants de voile Lunettes de soleil D\u00e9manilleur\/couteau de marin Recommandation: Lampe frontale avec lumi\u00e8re rouge V\u00eatements Polaire V\u00eatements de sport Sous-v\u00eatements techniques Chaussettes Bonnet, chapeau Chaussures de ville Linges de cuisine [&hellip;]<\/p>\n","protected":false},"author":1,"featured_media":1969,"parent":0,"menu_order":0,"comment_status":"closed","ping_status":"closed","template":"","meta":{"footnotes":""},"class_list":["post-4191","page","type-page","status-publish","has-post-thumbnail","hentry"],"_links":{"self":[{"href":"https:\/\/safe-sailing.com\/fr\/wp-json\/wp\/v2\/pages\/4191","targetHints":{"allow":["GET"]}}],"collection":[{"href":"https:\/\/safe-sailing.com\/fr\/wp-json\/wp\/v2\/pages"}],"about":[{"href":"https:\/\/safe-sailing.com\/fr\/wp-json\/wp\/v2\/types\/page"}],"author":[{"embeddable":true,"href":"https:\/\/safe-sailing.com\/fr\/wp-json\/wp\/v2\/users\/1"}],"replies":[{"embeddable":true,"href":"https:\/\/safe-sailing.com\/fr\/wp-json\/wp\/v2\/comments?post=4191"}],"version-history":[{"count":16,"href":"https:\/\/safe-sailing.com\/fr\/wp-json\/wp\/v2\/pages\/4191\/revisions"}],"predecessor-version":[{"id":13201,"href":"https:\/\/safe-sailing.com\/fr\/wp-json\/wp\/v2\/pages\/4191\/revisions\/13201"}],"wp:featuredmedia":[{"embeddable":true,"href":"https:\/\/safe-sailing.com\/fr\/wp-json\/wp\/v2\/media\/1969"}],"wp:attachment":[{"href":"https:\/\/safe-sailing.com\/fr\/wp-json\/wp\/v2\/media?parent=4191"}],"curies":[{"name":"wp","href":"https:\/\/api.w.org\/{rel}","templated":true}]}}