{"id":4145,"date":"2017-10-30T14:26:46","date_gmt":"2017-10-30T13:26:46","guid":{"rendered":"https:\/\/safe-sailing.com\/?page_id=4145"},"modified":"2022-07-16T22:52:06","modified_gmt":"2022-07-16T20:52:06","slug":"instructeurs","status":"publish","type":"page","link":"https:\/\/safe-sailing.com\/fr\/instructeurs\/","title":{"rendered":"Instructeurs"},"content":{"rendered":"<h1 style=\"text-align: left;\"><strong>Quelques mots sur votre instructeur<\/strong><\/h1>\n<h6><strong>Chief&nbsp;<\/strong><strong>Instructor SAFE-Sailing<\/strong><\/h6>\n<h6><\/h6>\n<p><span><img loading=\"lazy\" decoding=\"async\" alt=\"SAFE-Sailing instructor Nigel Parry\" width=\"1000\" height=\"1500\" title=\"SAFE-Sailing instructor \u2013 Version 2\" data-id=\"1746\" src=\"\/\/safe-sailing.com\/wp-content\/uploads\/2017\/10\/SAFE-Sailing-instructor-\u2013-Version-2-1.jpg\"><\/span><\/p>\n<p>SAFE-Sailing Chief Instructor Nigel<\/p>\n<h6><strong>Nigel Parry<\/strong><strong><\/strong><strong><\/strong><\/h6>\n<p>En bon Anglais, Nigel Parry conna\u00eet toutes les astuces de la voile et transmet ses connaissances avec une pointe d\u2019humour <em>british<\/em>. Pas question de partir en mer sans th\u00e9 ni <em>shortbread<\/em>. Pourtant, il n\u2019est pas insensible au chocolat suisse et tient \u00e0 commencer la journ\u00e9e avec un bon espresso de la&nbsp;<em>Bialetti<\/em>.<\/p>\n<p>Mais Nigel est avant tout un vrai Europ\u00e9en. Il vit depuis de nombreuses ann\u00e9es en Allemagne et ma\u00eetrise d\u2019ailleurs la langue de Goethe.<\/p>\n<p>Son CV nautique est des plus complets. En voici un extrait:<\/p>\n<p>&nbsp;RYA\/MCA Yachtmaster Ocean, with commercial endorsementRYA Yachtmaster Instructor Sail &amp; Motor<\/p>\n<p>RYA Marine Radio SRC Accessor<\/p>\n<p>Clipper Round the World Race,Race Skipper 2022 on&nbsp;<a href=\"https:\/\/www.clipperroundtheworld.com\/team\/dare-to-lead\/team-hub\" target=\"_blank\" rel=\"noopener\"><em>SY Dare to Lead<\/em><\/a><em>.<\/em><\/p>\n<p>Pendant son temps libre, il profite de son voilier, r\u00e9nov\u00e9 par ses soins, pour se d\u00e9tendre.<\/p>\n<h6><strong>Instructor and&nbsp;<\/strong><strong>Principal SAFE-Sailing<\/strong><\/h6>\n<h6><\/h6>\n<p><span><img loading=\"lazy\" decoding=\"async\" alt=\"Felix \" width=\"1383\" height=\"2074\" title=\"Felix Odlo\" data-id=\"1754\" src=\"\/\/safe-sailing.com\/wp-content\/uploads\/2017\/10\/Felix-Odlo.jpg\"><\/span>SAFE-Sailing Instructor and Principal Felix<\/p>\n<h6><strong>Felix Galliker<\/strong><strong><\/strong><strong><\/strong><\/h6>\n<p><span lang=\"FR\">Convaincu qu\u2019on apprend mieux en s\u2019amusant et en exp\u00e9rimentant, il vous transmettra sa passion pour la voile avec enthousiasme et professionnalisme. Venez d\u00e9couvrir son terrain de jeu!<\/span><\/p>\n<p><span lang=\"FR\">Felix a navigu\u00e9 avant tout en Mer du Nord et en Mer Baltique, au Solent et au Pays de Galles, dans la Manche et en Bretagne sud. Il a fait plusieurs convoyages en Atlantique. <\/span><span lang=\"FR\">Il a travaill\u00e9 comme instructeur en Angleterre, au Pays de Galles, en Bretagne et en Mer Baltique.&nbsp;<\/span>Son CV nautique est des plus complets. En voici un extrait:<\/p>\n<p><span lang=\"FR\">RYA\/MCA Yachtmaster Ocean, with commercial endorsementRYA Yachtmaster Instructor Sail<\/span><\/p>\n<p><span lang=\"FR\">Skipper \/ instructeur pour l\u2019association britannique des malvoyants \u00ab <\/span><a href=\"https:\/\/visa-gb.org.uk\" target=\"_blank\" style=\"outline: none;\" rel=\"noopener\"><span lang=\"FR\">Visual Impaired Sailing Association, UK<\/span><\/a><span lang=\"FR\"> \u00bb&nbsp;<\/span><\/p>\n<p><span lang=\"FR\">De langue allemande, Felix vit en Suisse romande depuis de longues ann\u00e9es et ma\u00eetrise \u00e9galement la langue de Moli\u00e8re.&nbsp;<\/span><\/p>\n<p><span lang=\"FR\">Il profite de son temps libre pour d\u00e9couvrir de nouveaux horizons \u00e0 bord de son voilier.<\/span><\/p>\n","protected":false},"excerpt":{"rendered":"<p>Quelques mots sur votre instructeur Chief&nbsp;Instructor SAFE-Sailing SAFE-Sailing Chief Instructor Nigel Nigel Parry En bon Anglais, Nigel Parry conna\u00eet toutes les astuces de la voile et transmet ses connaissances avec une pointe d\u2019humour british. Pas question de partir en mer sans th\u00e9 ni shortbread. Pourtant, il n\u2019est pas insensible au chocolat suisse et tient \u00e0 [&hellip;]<\/p>\n","protected":false},"author":1,"featured_media":2039,"parent":0,"menu_order":0,"comment_status":"closed","ping_status":"closed","template":"fullwidth-page.php","meta":{"footnotes":""},"class_list":["post-4145","page","type-page","status-publish","has-post-thumbnail","hentry"],"_links":{"self":[{"href":"https:\/\/safe-sailing.com\/fr\/wp-json\/wp\/v2\/pages\/4145","targetHints":{"allow":["GET"]}}],"collection":[{"href":"https:\/\/safe-sailing.com\/fr\/wp-json\/wp\/v2\/pages"}],"about":[{"href":"https:\/\/safe-sailing.com\/fr\/wp-json\/wp\/v2\/types\/page"}],"author":[{"embeddable":true,"href":"https:\/\/safe-sailing.com\/fr\/wp-json\/wp\/v2\/users\/1"}],"replies":[{"embeddable":true,"href":"https:\/\/safe-sailing.com\/fr\/wp-json\/wp\/v2\/comments?post=4145"}],"version-history":[{"count":18,"href":"https:\/\/safe-sailing.com\/fr\/wp-json\/wp\/v2\/pages\/4145\/revisions"}],"predecessor-version":[{"id":12508,"href":"https:\/\/safe-sailing.com\/fr\/wp-json\/wp\/v2\/pages\/4145\/revisions\/12508"}],"wp:featuredmedia":[{"embeddable":true,"href":"https:\/\/safe-sailing.com\/fr\/wp-json\/wp\/v2\/media\/2039"}],"wp:attachment":[{"href":"https:\/\/safe-sailing.com\/fr\/wp-json\/wp\/v2\/media?parent=4145"}],"curies":[{"name":"wp","href":"https:\/\/api.w.org\/{rel}","templated":true}]}}