{"id":4120,"date":"2017-10-30T09:58:32","date_gmt":"2017-10-30T08:58:32","guid":{"rendered":"https:\/\/safe-sailing.com\/?page_id=4120"},"modified":"2024-04-24T18:15:43","modified_gmt":"2024-04-24T16:15:43","slug":"cours-rya","status":"publish","type":"page","link":"https:\/\/safe-sailing.com\/fr\/cours-rya\/","title":{"rendered":"Cours RYA"},"content":{"rendered":"<h1 style=\"text-align: left;\"><strong>Pourquoi opter pour nos formations RYA?<\/strong><\/h1>\n<p>SAFE-Sailing est un centre de formation reconnu par l\u2019association britannique <em>Royal Yachting Association (RYA).<\/em> Vous trouverez chez nous le cours RYA adapt\u00e9 \u00e0 votre niveau. Les cours sont donn\u00e9s en anglais, comme l\u2019exige la RYA. L\u2019anglais est aussi la langue de r\u00e9f\u00e9rence dans la navigation internationale. Une bonne raison donc de la pratiquer afin de parer \u00e0 toute \u00e9ventualit\u00e9. Nos instructeurs ma\u00eetrisent aussi l\u2019allemand et Felix parle m\u00eame le fran\u00e7ais, si jamais vous avez des probl\u00e8mes de compr\u00e9hension. Nous sommes un des rares centres \u00e0 enseigner sur son propre voilier de course-croisi\u00e8re. Le n\u00f4tre est r\u00e9actif, rapide et confortable. Profitez-en !&nbsp;<\/p>\n<h6><strong>Cours de voile RYA<\/strong><\/h6>\n<h6 style=\"text-align: right;\"><strong>Ax\u00e9s sur la pratique, &nbsp; &nbsp; mondialement reconnus<\/strong><\/h6>\n<h6><strong>Competent Crew<\/strong><\/h6>\n<p><span><img loading=\"lazy\" decoding=\"async\" alt=\"Competent Crew faltet Fock\" width=\"1500\" height=\"1000\" title=\"RYA Competent Crew\" data-id=\"2177\" src=\"\/\/safe-sailing.com\/wp-content\/uploads\/2017\/10\/Competent-Crew-1.jpg\"><\/span><\/p>\n<p>RYA Competent Crew, flaking the jib<\/p>\n<p><span><\/span><\/p>\n<h4><em>RYA Competent Crew is a popular course aimed at beginners&nbsp;<\/em><em><em>and those who would like to become active crew members rather than just passengers.<\/em><\/em><\/h4>\n<p>You will experience living on board a racer\/cruiser yacht and really get to know the boat. B<span style=\"font-family: ;\">y the end of the course you should be able to steer, handle sails, keep a lookout, row a dinghy and assist in all the day to day duties&nbsp;<\/span>on board. You should also have visited some interesting places and had an enjoyable holiday.<\/p>\n<h6><strong>Day Skipper<\/strong><\/h6>\n<p><span><img loading=\"lazy\" decoding=\"async\" alt=\"RYA Day Skipper Kurs\" width=\"1500\" height=\"1000\" title=\"RYA Day Skipper\" data-id=\"2174\" src=\"\/\/safe-sailing.com\/wp-content\/uploads\/2017\/10\/Day-Skipper.jpg\"><\/span><\/p>\n<p>RYA Day Skipper Course<\/p>\n<p><span><\/span><\/p>\n<h4><em>RYA Day Skipper is a demanding course for aspiring skippers with some yachting experience and basic navigation and sailing skills.<\/em><\/h4>\n<p>This is a hands-on course that is highly recommended for anyone who regularly sails on board a yacht. It\u2019s designed to improve skills and build knowledge of all aspects of life at sea whilst skippering a sailing yacht during short passages.<\/p>\n<h6><strong>Coastal Skipper<\/strong><\/h6>\n<p><span><img loading=\"lazy\" decoding=\"async\" alt=\"RYA Coastal Kurs\" width=\"1500\" height=\"1000\" title=\"Fast sailing upwind, RYA Coastal Skipper Course\" data-id=\"3621\" src=\"\/\/safe-sailing.com\/wp-content\/uploads\/2017\/10\/RYA-Coastal-Skipper.jpg\"><\/span><\/p>\n<p>RYA Coastal Course<\/p>\n<p><span><\/span><\/p>\n<h4><em><em>Advanced skippering techniques for yachtsmen and women with considerable knowledge of sailing and navigation, wanting to undertake coastal passages by day and night.<\/em><\/em><\/h4>\n<p>RYA Coastal Skipper is the ideal qualification to follow RYA Day Skipper. It may also form a bridge to a MCA\/RYA Yachtmaster\u2122 examination. It\u2019s designed to give an experienced skipper the confidence to undertake longer and more complex passages which may involve sailing at night or involve watch-keeping systems.<\/p>\n<h6><strong><strong><strong>Pr\u00e9paration \u00e0 l&rsquo;examen de&nbsp;<\/strong><strong><strong><strong><strong><strong>MCA\/RYA Yachtmaster<\/strong><\/strong><\/strong><\/strong><\/strong>\u2122<strong><strong><strong>&nbsp;<\/strong><\/strong><\/strong><\/strong><\/strong><strong>&nbsp;<\/strong><\/h6>\n<h6><strong>Qualification mondialement reconnue, qui atteste votre exp\u00e9rience et vos comp\u00e9tences de skipper<\/strong><\/h6>\n<p><span><img loading=\"lazy\" decoding=\"async\" alt=\"MCA\/RYA Coastal Skipper\" width=\"1500\" height=\"1000\" title=\"MCA\/RYA Coastal Skipper\" data-id=\"1110\" src=\"\/\/safe-sailing.com\/wp-content\/uploads\/2017\/09\/Strom-jib-9.jpg\"><\/span><\/p>\n<p>MCA\/RYA Coastal Skipper Course, Dover to Nieuwpoort<\/p>\n<h6><strong>MCA\/RYA Yachtmaster\u2122 Coastal (Prep-course &amp; Exam)<\/strong><\/h6>\n<p><span><\/span><\/p>\n<h4><em>The MCA\/RYA Yachtmaster\u2122 Coastal qualification is a major achievement for which you will need to demonstrate a wide breadth of existing knowledge.<\/em><\/h4>\n<p>The preparation part of the course provides enables you to get ready for your exam by covering refresher training in a number of key areas. The course culminates in an exam with an external RYA examiner.<\/p>\n<p><span><img loading=\"lazy\" decoding=\"async\" alt=\"Sonnenaufgang \u00fcber der Nordsee\" width=\"1500\" height=\"1000\" title=\"MCA\/RYA Yachtmaster Course\" data-id=\"1155\" src=\"\/\/safe-sailing.com\/wp-content\/uploads\/2017\/09\/Sunset-North-Sea.jpg\"><\/span><\/p>\n<p>MCA\/RYA Yachtmaster Prep-course, sunrise over the North Sea<\/p>\n<h6><strong>MCA\/RYA Yachtmaster\u2122 Offshore (Prep-course &amp; Exam)<\/strong><\/h6>\n<p><span><\/span><\/p>\n<h4><em><em>The MCA\/RYA Yachtmaster\u2122 Offshore qualification is recognised and respected worldwide with candidates demonstrating a wide breadth of existing knowledge.<\/em><\/em><\/h4>\n<p>The preparation part of the course provides enables you to get ready for your exam by covering refresher training in a number of key areas. The course culminates in an exam with an external RYA examiner.<\/p>\n<p><span><img decoding=\"async\" alt=\"Logo RYA Training Centre en bleu et rouge\" title=\"RYA RTC 2C\" data-id=\"13392\" src=\"https:\/\/safe-sailing.com\/wp-content\/uploads\/2024\/04\/RYA-RTC-2C.png\" data-width=\"299\" data-height=\"162\" width=\"299\" data-init-width=\"299\" height=\"162\" data-init-height=\"162\" loading=\"lazy\" style=\"aspect-ratio: auto 299 \/ 162;\"><\/span><\/p>\n<h6><em>\u00ab\u00a0Welcome to <strong>RYA training \u2013 a programme of courses designed to help you progress<\/strong> through your chosen activity. The expert tuition and sound advice offered by our training centres <\/em><em>is<\/em><em><strong> just what you need to make the most of your time afloat<\/strong>, whatever your age, ability or aspirations.\u00a0\u00bb<\/em>Richard FalkRYA Director of Training &amp; QualificationsRYA, UK<strong><em>\u200b<\/em><\/strong><\/h6>\n<p><strong><em>Les certificats RYA sont mondialement reconnus. Les cours RYA couvrent tous les niveaux et l\u2019accent est mis sur la pratique.<\/em><\/strong><em>La Royal Yachting Association (RYA) est l\u2019institution de r\u00e9f\u00e9rence pour la voile sous toutes ses formes au Royaume-Uni. Elle d\u00e9finit les modalit\u00e9s et les normes de qualit\u00e9 des cours RYA (contenu ou syllabus) auxquelles doivent se tenir les centres de formation certifi\u00e9s (Recognised Training Centre) .<\/em><\/p>\n","protected":false},"excerpt":{"rendered":"<p>Pourquoi opter pour nos formations RYA? SAFE-Sailing est un centre de formation reconnu par l\u2019association britannique Royal Yachting Association (RYA). Vous trouverez chez nous le cours RYA adapt\u00e9 \u00e0 votre niveau. Les cours sont donn\u00e9s en anglais, comme l\u2019exige la RYA. L\u2019anglais est aussi la langue de r\u00e9f\u00e9rence dans la navigation internationale. Une bonne raison [&hellip;]<\/p>\n","protected":false},"author":1,"featured_media":2185,"parent":0,"menu_order":0,"comment_status":"closed","ping_status":"closed","template":"","meta":{"footnotes":""},"class_list":["post-4120","page","type-page","status-publish","has-post-thumbnail","hentry"],"_links":{"self":[{"href":"https:\/\/safe-sailing.com\/fr\/wp-json\/wp\/v2\/pages\/4120","targetHints":{"allow":["GET"]}}],"collection":[{"href":"https:\/\/safe-sailing.com\/fr\/wp-json\/wp\/v2\/pages"}],"about":[{"href":"https:\/\/safe-sailing.com\/fr\/wp-json\/wp\/v2\/types\/page"}],"author":[{"embeddable":true,"href":"https:\/\/safe-sailing.com\/fr\/wp-json\/wp\/v2\/users\/1"}],"replies":[{"embeddable":true,"href":"https:\/\/safe-sailing.com\/fr\/wp-json\/wp\/v2\/comments?post=4120"}],"version-history":[{"count":33,"href":"https:\/\/safe-sailing.com\/fr\/wp-json\/wp\/v2\/pages\/4120\/revisions"}],"predecessor-version":[{"id":13399,"href":"https:\/\/safe-sailing.com\/fr\/wp-json\/wp\/v2\/pages\/4120\/revisions\/13399"}],"wp:featuredmedia":[{"embeddable":true,"href":"https:\/\/safe-sailing.com\/fr\/wp-json\/wp\/v2\/media\/2185"}],"wp:attachment":[{"href":"https:\/\/safe-sailing.com\/fr\/wp-json\/wp\/v2\/media?parent=4120"}],"curies":[{"name":"wp","href":"https:\/\/api.w.org\/{rel}","templated":true}]}}