{"id":4099,"date":"2017-10-30T09:39:18","date_gmt":"2017-10-30T08:39:18","guid":{"rendered":"https:\/\/safe-sailing.com\/?page_id=4099"},"modified":"2021-11-08T00:54:55","modified_gmt":"2021-11-07T23:54:55","slug":"competent-crew","status":"publish","type":"page","link":"https:\/\/safe-sailing.com\/fr\/competent-crew\/","title":{"rendered":"Competent Crew"},"content":{"rendered":"<h1 style=\"text-align: left;\"><strong>RYA Competent Crew<\/strong><\/h1>\n<h6><strong>Du simple membre d&rsquo;\u00e9quipage \u00e0 l&rsquo;\u00e9quipier comp\u00e9tent<\/strong><\/h6>\n<p><span><img loading=\"lazy\" decoding=\"async\" alt=\"Competent Crew faltet Fock\" width=\"1500\" height=\"1000\" title=\"Competent Crew\" data-id=\"2177\" src=\"\/\/safe-sailing.com\/wp-content\/uploads\/2017\/10\/Competent-Crew-1.jpg\"><\/span><\/p>\n<p>Flaking the jib<\/p>\n<p><span><\/span><\/p>\n<h4><em><strong>R<\/strong><\/em><em><strong>YA Competent Crew<\/strong> is a popular course aimed at beginners&nbsp;<\/em><em><em>and those who would like to become active crew members rather than just passengers.<\/em><\/em><\/h4>\n<p>You will experience living on board a racer\/cruiser yacht and really get to know the boat. B<span style=\"font-family: ;\">y the end of the course you should be able to steer, handle sails, keep a lookout, row a dinghy and assist in all the day to day duties&nbsp;<\/span>on board. You should also have visited some interesting harbours and beautiful anchor spots and the best of all &#8211; had an enjoyable holiday.<\/p>\n<p>Your time on board will be spent preparing and sailing the yacht on short passages, visiting rivers, marinas and picturesque anchorages across the Danish Islands in the Baltic Sea. You will learn how to steer, handle sails, knots, keep a lookout, row a dinghy and assist in all the day-to-day duties on board. Knowledge of how to keep safe and what to do in an emergency is vital, so you will also learn how to operate flares, liferafts and how to assist the recovery of a man overboard.RYA Competent Crew is open to anyone, and it\u2019s an opportunity for an enjoyable holiday whilst learning a new skill. It\u2019s likely you will spend time with others who are learning other RYA courses such as Day Skipper, additionally helping them to achieve their certificates whilst having a lot of fun.<\/p>\n<table data-rows=\"7\" data-cols=\"2\">\n<thead>\n<tr>\n<th>\n<h6><strong>D\u00e9tails du stage<\/strong><\/h6>\n<\/th>\n<th>\n<h6 style=\"text-align: right;\"><strong><strong><\/strong><\/strong><\/h6>\n<\/th>\n<\/tr>\n<\/thead>\n<tbody>\n<tr>\n<td>\n<p>Pre-Course Experience<\/p>\n<\/td>\n<td>\n<p style=\"text-align: left;\">No experience required<\/p>\n<\/td>\n<\/tr>\n<tr>\n<td>\n<p>Assumed Knowledge<\/p>\n<\/td>\n<td>\n<p>None<\/p>\n<\/td>\n<\/tr>\n<tr>\n<td>\n<p>Student Instructor Ratio<\/p>\n<\/td>\n<td>\n<p>3:1, in exception 4:1<\/p>\n<\/td>\n<\/tr>\n<tr>\n<td rowspan=\"1\" colspan=\"1\">\n<p>Duration<\/p>\n<\/td>\n<td rowspan=\"1\" colspan=\"1\">\n<p>6 days<\/p>\n<\/td>\n<\/tr>\n<tr>\n<td rowspan=\"1\" colspan=\"1\">\n<p>Ability after Course<\/p>\n<\/td>\n<td rowspan=\"1\" colspan=\"1\">\n<p>Able to steer the yacht, handle sails and robes, keep a proper lookout, &nbsp;take bearings and execute navigation tasks, row a dinghy and assist in all the day-to-day routines.<\/p>\n<\/td>\n<\/tr>\n<tr>\n<td rowspan=\"1\" colspan=\"1\">\n<p>Course Content<\/p>\n<\/td>\n<td rowspan=\"1\" colspan=\"1\">\n<p>See Syllabus below<\/p>\n<\/td>\n<\/tr>\n<\/tbody>\n<\/table>\n<p><span><\/span><\/p>\n<h4>\n<p><strong>Syllabus Competent Crew:<\/strong> The course introduces the beginner to cruising and teaches personal safety, seamanship and helmsmanship to the level required to be a useful member of crew of a cruising yacht. This course bring you up from a crew member to a competent crew member.<\/p>\n<\/h4>\n<p><b>1. Knowledge of sea terms and parts of a boat, her rigging and sails <\/b><\/p>\n<ul type=\"disc\">\n<li>Sufficient knowledge to understand orders given concerning the sailing and day to day running of the boat.<\/li>\n<\/ul>\n<p><b>2. Sail Handling <\/b><\/p>\n<ul type=\"disc\">\n<li>Bending on, setting, reefing and handling of sails<\/li>\n<li>Use of sheets and halyards and their associated winches<\/li>\n<\/ul>\n<p><b>3. Ropework <\/b><\/p>\n<ul type=\"disc\">\n<li>Handling ropes, including coiling, stowing, securing to cleats and single and double bollards<\/li>\n<li>Handling warps<\/li>\n<li>Ability to tie the following knots and to know their correct use: figure-of-eight, clove hitch, rolling hitch, bowline, round turn and two half hitches, single and double sheet bend, reef knot<\/li>\n<\/ul>\n<p><b>4. Fire precautions and fighting <\/b><\/p>\n<p>Awareness of the hazards of fire and the precautions necessary to prevent fireb. Knowledge of the action to be taken in the event of fire<\/p>\n<p><b>5. Personal safety equipment <\/b><\/p>\n<ul type=\"disc\">\n<li>Understands and complies with rules for the wearing of safety harnesses, lifejackets and personal buoyancy aids<\/li>\n<\/ul>\n<p><b>6. Man overboard <\/b><\/p>\n<ul type=\"disc\">\n<li>Understands the action to be taken to recover a man overboard<\/li>\n<\/ul>\n<p><b>7. Emergency equipment <\/b><\/p>\n<ul type=\"disc\">\n<li>Can operate distress flares and knows when they should be used<\/li>\n<li>Understands how to launch and board a liferaft<\/li>\n<\/ul>\n<p><b>8. Manners and customs <\/b><\/p>\n<ul type=\"disc\">\n<li>Understands accepted practice with regard to: use of burgees and ensigns, prevention of unnecessary noise or disturbance in harbour including courtesies to other craft berthed<\/li>\n<li>Aware of the responsibility of yacht skippers to protect the environment<\/li>\n<\/ul>\n<p><b>9. Rules of the road <\/b><\/p>\n<ul type=\"disc\">\n<li>Is able to keep and efficient lookout at sea<\/li>\n<\/ul>\n<p><b>10. Dinghies <\/b><\/p>\n<ul type=\"disc\">\n<li>Understands and complies with the loading rulesb.<\/li>\n<li>Is able to handle a dinghy under oars<\/li>\n<\/ul>\n<p><b>11. Meteorology <\/b><\/p>\n<ul type=\"disc\">\n<li>Awareness of forecasting services and knowledge of the Beaufort scale<\/li>\n<\/ul>\n<p><b>12. Seasickness <\/b><\/p>\n<ul type=\"disc\">\n<li>Working efficiency is unaffected\/partially affected\/severely affected by seasickness<\/li>\n<\/ul>\n<p><b>13. Helmsmanship and sailing <\/b><\/p>\n<ul type=\"disc\">\n<li>Understands the basic principles of sailing and can steer and trim sails on all points of sailing<\/li>\n<li>Can steer a compass course, under sail and power<\/li>\n<\/ul>\n<p><b>14. General duties <\/b><\/p>\n<ul type=\"disc\">\n<li>Has carried out general duties satisfactorily on deck and below decks in connection with the daily routine of the vessel<\/li>\n<\/ul>\n<h6><strong>Autres formations<\/strong><\/h6>\n<h6><strong>RYA Day Skipper<\/strong><\/h6>\n<p><span><img loading=\"lazy\" decoding=\"async\" alt=\"RYA Day Skipper Kurs\" width=\"1500\" height=\"1069\" title=\"RYA Day Skipper\" data-id=\"2174\" src=\"\/\/safe-sailing.com\/wp-content\/uploads\/2017\/10\/Day-Skipper.jpg\"><\/span><\/p>\n<p>RYA Day Skipper Course<\/p>\n<p><em>RYA Day Skipper is a demanding course for aspiring skippers with some yachting experience and basic navigation and sailing skills.<\/em><em><\/em><em><\/em><em><\/em>This is a hands-on course that is highly recommended for anyone who regularly sails on board a yacht. It\u2019s designed to improve skills and build knowledge of all aspects of life at sea whilst skippering a sailing yacht during short passages.<\/p>\n<h6><strong>RYA Coastal Skipper<\/strong><\/h6>\n<p><span><img loading=\"lazy\" decoding=\"async\" alt=\"RYA Coastal Kurs\" width=\"1500\" height=\"1000\" title=\"Fast sailing upwind, RYA Coastal Skipper Course\" data-id=\"3621\" src=\"\/\/safe-sailing.com\/wp-content\/uploads\/2017\/10\/RYA-Coastal-Skipper.jpg\"><\/span><\/p>\n<p>RYA Coastal Course<\/p>\n<p><em>Advanced skippering techniques for yachtsmen and women with considerable knowledge of sailing and navigation, wanting to undertake coastal passages by day and night.<\/em><em><\/em>RYA Coastal Skipper is the ideal qualification to follow RYA Day Skipper. It may also form a bridge to a MCA\/RYA Yachtmaster\u2122 examination. It\u2019s designed to give an experienced skipper the confidence to undertake longer and more complex passages which may involve sailing at night or involve watch-keeping systems.<\/p>\n<p><a href=\"https:\/\/safe-sailing.com\/day-skipper\/\" rel=\" \"><\/a><a href=\"https:\/\/safe-sailing.com\/day-skipper\/\" rel=\" \"><\/a><\/p>\n","protected":false},"excerpt":{"rendered":"<p>RYA Competent Crew Du simple membre d&rsquo;\u00e9quipage \u00e0 l&rsquo;\u00e9quipier comp\u00e9tent Flaking the jib RYA Competent Crew is a popular course aimed at beginners&nbsp;and those who would like to become active crew members rather than just passengers. You will experience living on board a racer\/cruiser yacht and really get to know the boat. By the end [&hellip;]<\/p>\n","protected":false},"author":1,"featured_media":0,"parent":0,"menu_order":0,"comment_status":"closed","ping_status":"closed","template":"","meta":{"footnotes":""},"class_list":["post-4099","page","type-page","status-publish","hentry"],"_links":{"self":[{"href":"https:\/\/safe-sailing.com\/fr\/wp-json\/wp\/v2\/pages\/4099","targetHints":{"allow":["GET"]}}],"collection":[{"href":"https:\/\/safe-sailing.com\/fr\/wp-json\/wp\/v2\/pages"}],"about":[{"href":"https:\/\/safe-sailing.com\/fr\/wp-json\/wp\/v2\/types\/page"}],"author":[{"embeddable":true,"href":"https:\/\/safe-sailing.com\/fr\/wp-json\/wp\/v2\/users\/1"}],"replies":[{"embeddable":true,"href":"https:\/\/safe-sailing.com\/fr\/wp-json\/wp\/v2\/comments?post=4099"}],"version-history":[{"count":32,"href":"https:\/\/safe-sailing.com\/fr\/wp-json\/wp\/v2\/pages\/4099\/revisions"}],"predecessor-version":[{"id":12281,"href":"https:\/\/safe-sailing.com\/fr\/wp-json\/wp\/v2\/pages\/4099\/revisions\/12281"}],"wp:attachment":[{"href":"https:\/\/safe-sailing.com\/fr\/wp-json\/wp\/v2\/media?parent=4099"}],"curies":[{"name":"wp","href":"https:\/\/api.w.org\/{rel}","templated":true}]}}