{"id":4076,"date":"2017-10-29T13:44:29","date_gmt":"2017-10-29T12:44:29","guid":{"rendered":"https:\/\/safe-sailing.com\/?page_id=4076"},"modified":"2022-12-22T18:40:38","modified_gmt":"2022-12-22T17:40:38","slug":"home","status":"publish","type":"page","link":"https:\/\/safe-sailing.com\/fr\/","title":{"rendered":"Home"},"content":{"rendered":"<p><span style=\"width: 100%;\"><a href=\"https:\/\/safe-sailing.com\/fr\/croisieres\/\" target=\"_blank\" rel=\"noopener\"><img loading=\"lazy\" decoding=\"async\" alt=\"\" title=\"Version 4\" data-id=\"4333\" src=\"\/\/safe-sailing.com\/wp-content\/uploads\/2017\/11\/Croisi\u00e8res-actives-1.jpg\" style=\"\" width=\"1060\" height=\"563\" data-width=\"1060\" data-init-width=\"1500\" data-init-height=\"563\"><\/a><\/span><span style=\"width: 100%;\"><a href=\"https:\/\/safe-sailing.com\/fr\/cours-rya\/\"><img loading=\"lazy\" decoding=\"async\" alt=\"RYA cours en mer Baltique\" title=\"Helming \u2013 Version 5\" data-id=\"4309\" src=\"\/\/safe-sailing.com\/wp-content\/uploads\/2017\/11\/Cours-RYA-reconnus.jpg\" style=\"\" width=\"1060\" height=\"563\" data-width=\"1060\" data-init-width=\"1500\" data-init-height=\"563\"><\/a><\/span><\/p>\n<p><span style=\"font-size: 14px; line-height: 23.799999237060547px; margin-top: 0px; padding-top: 0px; padding-left: 0px; margin-left: 0px; padding-right: 0px; margin-right: 0px; text-align: center;\"><\/span><span style=\"font-size: 14px; line-height: 23.799999237060547px; margin-top: 0px; padding-top: 0px; padding-left: 0px; margin-left: 0px; padding-right: 0px; margin-right: 0px; text-align: center;\"><\/span><span style=\"width: 100%;\"><a href=\"https:\/\/safe-sailing.com\/fr\/instructeurs\/\"><img loading=\"lazy\" decoding=\"async\" alt=\"\" title=\"Partners laugh 3-2 \u2013 Version 3\" data-id=\"4315\" src=\"\/\/safe-sailing.com\/wp-content\/uploads\/2017\/11\/Instructeurs-passionn\u00e9s.jpg\" style=\"\" width=\"1500\" height=\"563\"><\/a><\/span><\/p>\n<p><span style=\"font-size: 14px; line-height: 23.799999237060547px; margin-top: 0px; padding-top: 0px; padding-left: 0px; margin-left: 0px; padding-right: 0px; margin-right: 0px; text-align: center;\"><\/span><span style=\"font-size: 14px; line-height: 23.799999237060547px; margin-top: 0px; padding-top: 0px; padding-left: 0px; margin-left: 0px; padding-right: 0px; margin-right: 0px; text-align: center;\"><\/span><span style=\"width: 100%;\"><a href=\"https:\/\/safe-sailing.com\/fr\/voilier\/\"><img loading=\"lazy\" decoding=\"async\" alt=\"SY Arcona 400, Arctic Breeze\" title=\"SY Arctic Breeze\" data-id=\"4327\" src=\"\/\/safe-sailing.com\/wp-content\/uploads\/2017\/11\/Voiler-performant.jpg\" style=\"\" width=\"1500\" height=\"563\"><\/a><\/span><\/p>\n<h1><strong>Croisi\u00e8res<\/strong><em>actives<\/em><\/h1>\n<p>Envie de changer d&rsquo;air? Partez en mer avec SAFE-Sailing, une \u00e9cole de voile internationale qui vous offre la possibilit\u00e9 de prendre un bon bol d&rsquo;air iod\u00e9 en mer Baltique le temps d&rsquo;une croisi\u00e8re entre les \u00eeles ou d&rsquo;un stage de formation RYA. D\u00e9butant ou marin confirm\u00e9, vous trouverez chez SAFE-Sailing le stage ou la croisi\u00e8re qu&rsquo;il vous faut: du cours de Competent Crew \u00e0 la pr\u00e9paration au Yachtmaster RYA, en passant par la croisi\u00e8re de milles ou la d\u00e9couverte des \u00eeles et des bijoux architecturaux de la r\u00e9gion.&nbsp;Que vous soyez en couple, en famille, entre amis ou en solo, nous nous r\u00e9jouissons de vous accueillir \u00e0 bord de Arctic Breeze!<\/p>\n<h1><strong>Cours de voile RYA<\/strong><em>reconnus<\/em><\/h1>\n<p>Les certificats de la <em>RYA (Royal Yachting Association<\/em>) sont tr\u00e8s pris\u00e9s et mondialement reconnus. A la base de ce succ\u00e8s: une formation orient\u00e9e sur la pratique donn\u00e9e par des instructeurs professionnels.L&rsquo;offre de formations RYA de SAFE-Sailing couvre tous les niveaux, du d\u00e9butant (Competent Crew) au skipper professionnel (<em>MCA\/RYA <em>Yachtmaster\u2122<\/em><\/em>). SAFE-Sailing est le seul centre RYA reconnu en mer Baltique pour la formation de voile pratique.<\/p>\n<h1><strong>Instructeurs<\/strong><em>passionn\u00e9s<\/em><\/h1>\n<p>&nbsp;Joindre l&rsquo;utile \u00e0 l&rsquo;agr\u00e9able, tel est notre credo chez SAFE-Sailing. &nbsp;Nous nous r\u00e9jouissons de partager notre passion de la voile avec vous et de vous aider \u00e0 d\u00e9velopper vos comp\u00e9tences nautiques dans la joie et la bonne humeur!<\/p>\n<h1><strong>Yacht<\/strong><em>performant et confortable<\/em><\/h1>\n<p>La vie est trop courte pour naviguer sur un voilier lent et lourd. Pourtant, nous ne saurions renoncer totalement \u00e0 un certain confort. Un d\u00e9fi que notre voilier <em> A<\/em><em>rctic Breeze, <\/em>un Arcona 400 de Su\u00e8de, rel\u00e8ve parfaitement!<\/p>\n","protected":false},"excerpt":{"rendered":"<p>Croisi\u00e8resactives Envie de changer d&rsquo;air? Partez en mer avec SAFE-Sailing, une \u00e9cole de voile internationale qui vous offre la possibilit\u00e9 de prendre un bon bol d&rsquo;air iod\u00e9 en mer Baltique le temps d&rsquo;une croisi\u00e8re entre les \u00eeles ou d&rsquo;un stage de formation RYA. D\u00e9butant ou marin confirm\u00e9, vous trouverez chez SAFE-Sailing le stage ou la [&hellip;]<\/p>\n","protected":false},"author":1,"featured_media":0,"parent":0,"menu_order":0,"comment_status":"closed","ping_status":"closed","template":"","meta":{"footnotes":"","tve_updated_post":"<div class=\"thrv_responsive_video thrv_wrapper\" data-aspect-ratio=\"16:9\" data-overlay=\"0\" data-no-download=\"1\" data-float=\"false\" data-type=\"custom\" data-autoplay=\"1\" data-aspect-ratio-default=\"0\" data-float-position=\"top-left\" data-float-width-d=\"300px\" data-float-padding1-d=\"25px\" data-float-padding2-d=\"15px\" data-float-visibility=\"mobile\">\n\t\n\n\t<div class=\"tve_responsive_video_container\" style=\"padding-bottom: 56.25%;\">\n\t\t<div class=\"video_overlay\"><\/div><video style=\"width: 100%;\" playsinline=\"\" class=\"tcb-responsive-video\" data-title=\"SAFE-Sailing Emotion video 16 9\" data-id=\"11374\" controls=\"controls\" controlslist=\"nodownload\" preload=\"metadata\">\n\t<source src=\"https:\/\/safe-sailing.com\/wp-content\/uploads\/2020\/04\/SAFE-Sailing-Emotion-video-16-9.mov#t=0.1\" type=\"\">\n<\/video>\n\t\n\n\n<\/div>\n<\/div><div class=\"thrv_wrapper tve_image_caption\" data-css=\"tve-u-1666505f171\"><span class=\"tve_image_frame\" style=\"width: 100%;\"><a href=\"https:\/\/safe-sailing.com\/fr\/croisieres\/\" target=\"_blank\"><img class=\"tve_image wp-image-4333\" alt=\"\" title=\"Version 4\" data-id=\"4333\" src=\"\/\/safe-sailing.com\/wp-content\/uploads\/2017\/11\/Croisi\u00e8res-actives-1.jpg\" style=\"\" width=\"1060\" height=\"563\" data-width=\"1060\" data-init-width=\"1500\" data-init-height=\"563\"><\/a><\/span><\/div><div class=\"thrv_wrapper tve_image_caption\" data-css=\"tve-u-1666506c97c\"><span class=\"tve_image_frame\" style=\"width: 100%;\"><a href=\"https:\/\/safe-sailing.com\/fr\/cours-rya\/\"><img class=\"tve_image wp-image-4309\" alt=\"RYA cours en mer Baltique\" title=\"Helming \u2013 Version 5\" data-id=\"4309\" src=\"\/\/safe-sailing.com\/wp-content\/uploads\/2017\/11\/Cours-RYA-reconnus.jpg\" style=\"\" width=\"1060\" height=\"563\" data-width=\"1060\" data-init-width=\"1500\" data-init-height=\"563\"><\/a><\/span><p class=\"thrv-inline-text wp-caption-text\"><br><\/p><span class=\"fr-placeholder\" style=\"font-size: 14px; line-height: 23.799999237060547px; margin-top: 0px; padding-top: 0px; padding-left: 0px; margin-left: 0px; padding-right: 0px; margin-right: 0px; text-align: center;\"><\/span><span class=\"fr-placeholder\" style=\"font-size: 14px; line-height: 23.799999237060547px; margin-top: 0px; padding-top: 0px; padding-left: 0px; margin-left: 0px; padding-right: 0px; margin-right: 0px; text-align: center;\"><\/span><\/div><div class=\"thrv_wrapper tve_image_caption\" data-css=\"tve-u-1666507475b\"><span class=\"tve_image_frame\" style=\"width: 100%;\"><a href=\"https:\/\/safe-sailing.com\/fr\/instructeurs\/\"><img class=\"tve_image wp-image-4315\" alt=\"\" title=\"Partners laugh 3-2 \u2013 Version 3\" data-id=\"4315\" src=\"\/\/safe-sailing.com\/wp-content\/uploads\/2017\/11\/Instructeurs-passionn\u00e9s.jpg\" style=\"\" width=\"1500\" height=\"563\"><\/a><\/span><p class=\"thrv-inline-text wp-caption-text\"><br><\/p><span class=\"fr-placeholder\" style=\"font-size: 14px; line-height: 23.799999237060547px; margin-top: 0px; padding-top: 0px; padding-left: 0px; margin-left: 0px; padding-right: 0px; margin-right: 0px; text-align: center;\"><\/span><span class=\"fr-placeholder\" style=\"font-size: 14px; line-height: 23.799999237060547px; margin-top: 0px; padding-top: 0px; padding-left: 0px; margin-left: 0px; padding-right: 0px; margin-right: 0px; text-align: center;\"><\/span><\/div><div class=\"thrv_wrapper tve_image_caption\" data-css=\"tve-u-1666509de4b\"><span class=\"tve_image_frame\" style=\"width: 100%;\"><a href=\"https:\/\/safe-sailing.com\/fr\/voilier\/\"><img class=\"tve_image wp-image-4327\" alt=\"SY Arcona 400, Arctic Breeze\" title=\"SY Arctic Breeze\" data-id=\"4327\" src=\"\/\/safe-sailing.com\/wp-content\/uploads\/2017\/11\/Voiler-performant.jpg\" style=\"\" width=\"1500\" height=\"563\"><\/a><\/span><\/div><div class=\"thrv_wrapper thrv_text_element\" data-tag=\"h1\"><h1 class=\"\" data-css=\"tve-u-15ff859f6b4\"><strong>Croisi\u00e8res<\/strong><br><em>actives<\/em><\/h1><\/div><div class=\"thrv_wrapper thrv_text_element tve_empty_dropzone\"><p>Envie de changer d'air? Partez en mer avec SAFE-Sailing, une \u00e9cole de voile internationale qui vous offre la possibilit\u00e9 de prendre un bon bol d'air iod\u00e9 en mer Baltique le temps d'une croisi\u00e8re entre les \u00eeles ou d'un stage de formation RYA. D\u00e9butant ou marin confirm\u00e9, vous trouverez chez SAFE-Sailing le stage ou la croisi\u00e8re qu'il vous faut: du cours de Competent Crew \u00e0 la pr\u00e9paration au Yachtmaster RYA, en passant par la croisi\u00e8re de milles ou la d\u00e9couverte des \u00eeles et des bijoux architecturaux de la r\u00e9gion.<br>&nbsp;Que vous soyez en couple, en famille, entre amis ou en solo, nous nous r\u00e9jouissons de vous accueillir \u00e0 bord de Arctic Breeze!<\/p><\/div><div class=\"thrv_wrapper thrv-button tcb-with-icon\" data-css=\"tve-u-15ff85b9eb0\" data-tcb_hover_state_parent=\"\" data-button-style=\"elevated\">\n<a href=\"https:\/\/safe-sailing.com\/fr\/croisieres\/\" class=\"tcb-button-link\" rel=\" \" target=\"_blank\"><span class=\"tcb-button-icon\">\n<div class=\"thrv_wrapper thrv_icon tve_no_drag tve_no_icons tcb-icon-inherit-style tcb-icon-display\"><svg class=\"tcb-icon\" viewBox=\"0 0 24 28\" data-name=\"info-circle\">\n<path d=\"M16 21.5v-2.5c0-0.281-0.219-0.5-0.5-0.5h-1.5v-8c0-0.281-0.219-0.5-0.5-0.5h-5c-0.281 0-0.5 0.219-0.5 0.5v2.5c0 0.281 0.219 0.5 0.5 0.5h1.5v5h-1.5c-0.281 0-0.5 0.219-0.5 0.5v2.5c0 0.281 0.219 0.5 0.5 0.5h7c0.281 0 0.5-0.219 0.5-0.5zM14 7.5v-2.5c0-0.281-0.219-0.5-0.5-0.5h-3c-0.281 0-0.5 0.219-0.5 0.5v2.5c0 0.281 0.219 0.5 0.5 0.5h3c0.281 0 0.5-0.219 0.5-0.5zM24 14c0 6.625-5.375 12-12 12s-12-5.375-12-12 5.375-12 12-12 12 5.375 12 12z\"><\/path>\n<\/svg><\/div>\n<\/span>\n<span class=\"tcb-button-texts\"><span class=\"tcb-button-text thrv-inline-text\">Saison 2023<\/span><span class=\"tcb-secondary-text thrv-inline-text\">Croisi\u00e8res et stages<\/span><\/span>\n<\/a>\n<\/div><div class=\"thrv_wrapper thrv_text_element\" data-tag=\"h1\"><h1 data-css=\"tve-u-15ff859f6b4\" class=\"\"><strong>Cours de voile RYA<\/strong><br><em>reconnus<\/em><\/h1><\/div><div class=\"thrv_wrapper thrv_text_element tve_empty_dropzone\"><p>Les certificats de la <em>RYA (Royal Yachting Association<\/em>) sont tr\u00e8s pris\u00e9s et mondialement reconnus. A la base de ce succ\u00e8s: une formation orient\u00e9e sur la pratique donn\u00e9e par des instructeurs professionnels.<br>L'offre de formations RYA de SAFE-Sailing couvre tous les niveaux, du d\u00e9butant (Competent Crew) au skipper professionnel (<em>MCA\/RYA <em>Yachtmaster\u2122<\/em><\/em>). SAFE-Sailing est le seul centre RYA reconnu en mer Baltique pour la formation de voile pratique.<\/p><\/div><div class=\"thrv_wrapper thrv-button tcb-with-icon\" data-css=\"tve-u-15ff85b9eb0\" data-tcb_hover_state_parent=\"\" data-button-style=\"elevated\">\n<a href=\"https:\/\/safe-sailing.com\/fr\/cours-rya\/\" class=\"tcb-button-link\" rel=\" \"><span class=\"tcb-button-icon\">\n<div class=\"thrv_wrapper thrv_icon tve_no_drag tve_no_icons tcb-icon-inherit-style tcb-icon-display\"><svg class=\"tcb-icon\" viewBox=\"0 0 24 28\" data-name=\"info-circle\">\n<path d=\"M16 21.5v-2.5c0-0.281-0.219-0.5-0.5-0.5h-1.5v-8c0-0.281-0.219-0.5-0.5-0.5h-5c-0.281 0-0.5 0.219-0.5 0.5v2.5c0 0.281 0.219 0.5 0.5 0.5h1.5v5h-1.5c-0.281 0-0.5 0.219-0.5 0.5v2.5c0 0.281 0.219 0.5 0.5 0.5h7c0.281 0 0.5-0.219 0.5-0.5zM14 7.5v-2.5c0-0.281-0.219-0.5-0.5-0.5h-3c-0.281 0-0.5 0.219-0.5 0.5v2.5c0 0.281 0.219 0.5 0.5 0.5h3c0.281 0 0.5-0.219 0.5-0.5zM24 14c0 6.625-5.375 12-12 12s-12-5.375-12-12 5.375-12 12-12 12 5.375 12 12z\"><\/path>\n<\/svg><\/div>\n<\/span>\n<span class=\"tcb-button-texts\"><span class=\"tcb-button-text thrv-inline-text\">Cours RYA<\/span><span class=\"tcb-secondary-text thrv-inline-text\">Aper\u00e7u<\/span><\/span>\n<\/a>\n<\/div><div class=\"thrv_wrapper thrv_text_element\" data-tag=\"h1\"><h1 class=\"\" data-css=\"tve-u-15ff859f6b4\"><strong>Instructeurs<\/strong><br><em>passionn\u00e9s<\/em><\/h1><\/div><div class=\"thrv_wrapper thrv_text_element tve_empty_dropzone\"><p>&nbsp;Joindre l'utile \u00e0 l'agr\u00e9able, tel est notre credo chez SAFE-Sailing. &nbsp;Nous nous r\u00e9jouissons de partager notre passion de la voile avec vous et de vous aider \u00e0 d\u00e9velopper vos comp\u00e9tences nautiques dans la joie et la bonne humeur!<\/p><\/div><div class=\"thrv_wrapper thrv-button tcb-with-icon\" data-css=\"tve-u-15ff85b9eb0\" data-tcb_hover_state_parent=\"\" data-button-style=\"elevated\">\n<a href=\"https:\/\/safe-sailing.com\/fr\/instructeurs\/\" class=\"tcb-button-link\" rel=\" \"><span class=\"tcb-button-icon\">\n<div class=\"thrv_wrapper thrv_icon tve_no_drag tve_no_icons tcb-icon-inherit-style tcb-icon-display\"><svg class=\"tcb-icon\" viewBox=\"0 0 24 28\" data-name=\"info-circle\">\n<path d=\"M16 21.5v-2.5c0-0.281-0.219-0.5-0.5-0.5h-1.5v-8c0-0.281-0.219-0.5-0.5-0.5h-5c-0.281 0-0.5 0.219-0.5 0.5v2.5c0 0.281 0.219 0.5 0.5 0.5h1.5v5h-1.5c-0.281 0-0.5 0.219-0.5 0.5v2.5c0 0.281 0.219 0.5 0.5 0.5h7c0.281 0 0.5-0.219 0.5-0.5zM14 7.5v-2.5c0-0.281-0.219-0.5-0.5-0.5h-3c-0.281 0-0.5 0.219-0.5 0.5v2.5c0 0.281 0.219 0.5 0.5 0.5h3c0.281 0 0.5-0.219 0.5-0.5zM24 14c0 6.625-5.375 12-12 12s-12-5.375-12-12 5.375-12 12-12 12 5.375 12 12z\"><\/path>\n<\/svg><\/div>\n<\/span>\n<span class=\"tcb-button-texts\"><span class=\"tcb-button-text thrv-inline-text\">Plus d'infos<\/span><span class=\"tcb-secondary-text thrv-inline-text\">sur nos instructeurs<\/span><\/span>\n<\/a>\n<\/div><div class=\"thrv_wrapper thrv_text_element\" data-tag=\"h1\"><h1 data-css=\"tve-u-15ff859f6b4\" class=\"\"><strong>Yacht<\/strong><br><em>performant et confortable<\/em><\/h1><\/div><div class=\"thrv_wrapper thrv_text_element tve_empty_dropzone\"><p>La vie est trop courte pour naviguer sur un voilier lent et lourd. Pourtant, nous ne saurions renoncer totalement \u00e0 un certain confort. Un d\u00e9fi que notre voilier <em> A<\/em><em>rctic Breeze, <\/em>un Arcona 400 de Su\u00e8de, rel\u00e8ve parfaitement!<\/p><\/div><div class=\"thrv_wrapper thrv-button tcb-with-icon\" data-css=\"tve-u-15ff85b9eb0\" data-tcb_hover_state_parent=\"\" data-button-style=\"elevated\">\n<a href=\"https:\/\/safe-sailing.com\/fr\/voilier\/\" class=\"tcb-button-link\" rel=\" \"><span class=\"tcb-button-icon\">\n<div class=\"thrv_wrapper thrv_icon tve_no_drag tve_no_icons tcb-icon-inherit-style tcb-icon-display\"><svg class=\"tcb-icon\" viewBox=\"0 0 24 28\" data-name=\"info-circle\">\n<path d=\"M16 21.5v-2.5c0-0.281-0.219-0.5-0.5-0.5h-1.5v-8c0-0.281-0.219-0.5-0.5-0.5h-5c-0.281 0-0.5 0.219-0.5 0.5v2.5c0 0.281 0.219 0.5 0.5 0.5h1.5v5h-1.5c-0.281 0-0.5 0.219-0.5 0.5v2.5c0 0.281 0.219 0.5 0.5 0.5h7c0.281 0 0.5-0.219 0.5-0.5zM14 7.5v-2.5c0-0.281-0.219-0.5-0.5-0.5h-3c-0.281 0-0.5 0.219-0.5 0.5v2.5c0 0.281 0.219 0.5 0.5 0.5h3c0.281 0 0.5-0.219 0.5-0.5zM24 14c0 6.625-5.375 12-12 12s-12-5.375-12-12 5.375-12 12-12 12 5.375 12 12z\"><\/path>\n<\/svg><\/div>\n<\/span>\n<span class=\"tcb-button-texts\"><span class=\"tcb-button-text thrv-inline-text\">Performant et confortable<\/span><span class=\"tcb-secondary-text thrv-inline-text\">Laissez vous surprendre!<\/span><\/span>\n<\/a>\n<\/div><div class=\"thrv_wrapper thrv-divider\" data-style=\"tve_sep-1\" data-thickness=\"1\" data-color=\"rgb(132, 144, 156)\" data-css=\"tve-u-16cd2b2cc5d\">\n\t<hr class=\"tve_sep tve_sep-1\">\n<\/div><div class=\"thrv_wrapper thrv-button tcb-with-icon\" data-css=\"tve-u-16cd2be89cb\" data-tcb_hover_state_parent=\"\" data-button-style=\"elevated\">\n<a href=\"https:\/\/www.instagram.com\/safesailinginfo\/\" class=\"tcb-button-link\" rel=\" \" target=\"_blank\"><span class=\"tcb-button-icon\">\n<div class=\"thrv_wrapper thrv_icon tve_no_drag tve_no_icons tcb-icon-inherit-style tcb-icon-display\"><svg class=\"tcb-icon\" viewBox=\"0 0 448 512\" data-id=\"icon-instagram-brands\" data-name=\"\">\n            <path d=\"M224.1 141c-63.6 0-114.9 51.3-114.9 114.9s51.3 114.9 114.9 114.9S339 319.5 339 255.9 287.7 141 224.1 141zm0 189.6c-41.1 0-74.7-33.5-74.7-74.7s33.5-74.7 74.7-74.7 74.7 33.5 74.7 74.7-33.6 74.7-74.7 74.7zm146.4-194.3c0 14.9-12 26.8-26.8 26.8-14.9 0-26.8-12-26.8-26.8s12-26.8 26.8-26.8 26.8 12 26.8 26.8zm76.1 27.2c-1.7-35.9-9.9-67.7-36.2-93.9-26.2-26.2-58-34.4-93.9-36.2-37-2.1-147.9-2.1-184.9 0-35.8 1.7-67.6 9.9-93.9 36.1s-34.4 58-36.2 93.9c-2.1 37-2.1 147.9 0 184.9 1.7 35.9 9.9 67.7 36.2 93.9s58 34.4 93.9 36.2c37 2.1 147.9 2.1 184.9 0 35.9-1.7 67.7-9.9 93.9-36.2 26.2-26.2 34.4-58 36.2-93.9 2.1-37 2.1-147.8 0-184.8zM398.8 388c-7.8 19.6-22.9 34.7-42.6 42.6-29.5 11.7-99.5 9-132.1 9s-102.7 2.6-132.1-9c-19.6-7.8-34.7-22.9-42.6-42.6-11.7-29.5-9-99.5-9-132.1s-2.6-102.7 9-132.1c7.8-19.6 22.9-34.7 42.6-42.6 29.5-11.7 99.5-9 132.1-9s102.7-2.6 132.1 9c19.6 7.8 34.7 22.9 42.6 42.6 11.7 29.5 9 99.5 9 132.1s2.7 102.7-9 132.1z\"><\/path>\n        <\/svg><\/div>\n<\/span>\n<span class=\"tcb-button-texts\"><span class=\"tcb-button-text thrv-inline-text\">Les \u00e9motions sur&nbsp;<\/span><span class=\"tcb-secondary-text thrv-inline-text\">INSTAGRAM<\/span><\/span>\n<\/a>\n<\/div><div class=\"thrv_wrapper thrv-button tcb-with-icon\" data-css=\"tve-u-16cd2b6580a\" data-tcb_hover_state_parent=\"\" data-button-style=\"elevated\">\n<a href=\"https:\/\/www.facebook.com\/safesailinginfo\/\" class=\"tcb-button-link\" rel=\" \" target=\"_blank\"><span class=\"tcb-button-icon\">\n<div class=\"thrv_wrapper thrv_icon tve_no_drag tve_no_icons tcb-icon-inherit-style tcb-icon-display\"><svg class=\"tcb-icon\" viewBox=\"0 0 448 512\" data-id=\"icon-facebook-square-brands\" data-name=\"\">\n            <path d=\"M448 80v352c0 26.5-21.5 48-48 48h-85.3V302.8h60.6l8.7-67.6h-69.3V192c0-19.6 5.4-32.9 33.5-32.9H384V98.7c-6.2-.8-27.4-2.7-52.2-2.7-51.6 0-87 31.5-87 89.4v49.9H184v67.6h60.9V480H48c-26.5 0-48-21.5-48-48V80c0-26.5 21.5-48 48-48h352c26.5 0 48 21.5 48 48z\"><\/path>\n        <\/svg><\/div>\n<\/span>\n<span class=\"tcb-button-texts\"><span class=\"tcb-button-text thrv-inline-text\">Les news sur&nbsp;<\/span><span class=\"tcb-secondary-text thrv-inline-text\">FACEBOOK<\/span><\/span>\n<\/a>\n<\/div>","tve_custom_css":"@media (min-width: 300px){[data-css=\"tve-u-15ff85b9eb0\"] { min-width: 100%; display: block; max-width: 275.333px; }:not(#tve) [data-css=\"tve-u-15ff85b9eb0\"]:hover .tcb-button-link { box-shadow: rgba(0, 6, 8, 0.35) 0px 9px 5px 0px; }[data-css=\"tve-u-15ff85b9eb0\"] .tcb-button-link { box-shadow: rgba(0, 0, 0, 0.35) 0px 2px 5px 0px; min-height: 54.7619px; font-size: 1.33333em; padding-top: 0px; padding-bottom: 0px; background-color: rgb(184, 217, 53) !important; }:not(#tve) [data-css=\"tve-u-15ff859f6b4\"] { font-size: 24px !important; }[data-css=\"tve-u-1666505f171\"] { width: 100%; }[data-css=\"tve-u-1666506c97c\"] { width: 100%; }[data-css=\"tve-u-1666507475b\"] { width: 100%; }[data-css=\"tve-u-1666509de4b\"] { width: 100%; }[data-css=\"tve-u-16cd2b2cc5d\"] .tve_sep { border-width: 1px; border-color: rgb(132, 144, 156); }[data-css=\"tve-u-16cd2b6580a\"] { min-width: 100%; display: block; max-width: 275.333px; }:not(#tve) [data-css=\"tve-u-16cd2b6580a\"]:hover .tcb-button-link { box-shadow: rgba(0, 0, 0, 0.35) 0px 9px 5px 0px !important; }[data-css=\"tve-u-16cd2b6580a\"] .tcb-button-link { box-shadow: rgba(0, 0, 0, 0.35) 0px 2px 5px 0px; min-height: 54.7619px; font-size: 1.33333em; padding-top: 0px; padding-bottom: 0px; background-color: rgb(59, 89, 152) !important; background-image: none !important; }[data-css=\"tve-u-16cd2be89cb\"] { min-width: 100%; display: block; max-width: 275.333px; }:not(#tve) [data-css=\"tve-u-16cd2be89cb\"]:hover .tcb-button-link { box-shadow: rgba(0, 0, 0, 0.35) 0px 9px 5px 0px !important; }[data-css=\"tve-u-16cd2be89cb\"] .tcb-button-link { box-shadow: rgba(0, 0, 0, 0.35) 0px 2px 5px 0px; min-height: 54.7619px; font-size: 1.33333em; padding-top: 0px; padding-bottom: 0px; background-color: rgb(59, 89, 152) !important; background-image: none !important; }}","tve_user_custom_css":"","tve_globals":{"e":"1","font_cls":[]},"tcb2_ready":1,"tcb_editor_enabled":1,"tve_landing_page":"","_tve_header":"0","_tve_footer":"0"},"class_list":["post-4076","page","type-page","status-publish","hentry"],"_links":{"self":[{"href":"https:\/\/safe-sailing.com\/fr\/wp-json\/wp\/v2\/pages\/4076","targetHints":{"allow":["GET"]}}],"collection":[{"href":"https:\/\/safe-sailing.com\/fr\/wp-json\/wp\/v2\/pages"}],"about":[{"href":"https:\/\/safe-sailing.com\/fr\/wp-json\/wp\/v2\/types\/page"}],"author":[{"embeddable":true,"href":"https:\/\/safe-sailing.com\/fr\/wp-json\/wp\/v2\/users\/1"}],"replies":[{"embeddable":true,"href":"https:\/\/safe-sailing.com\/fr\/wp-json\/wp\/v2\/comments?post=4076"}],"version-history":[{"count":55,"href":"https:\/\/safe-sailing.com\/fr\/wp-json\/wp\/v2\/pages\/4076\/revisions"}],"predecessor-version":[{"id":12738,"href":"https:\/\/safe-sailing.com\/fr\/wp-json\/wp\/v2\/pages\/4076\/revisions\/12738"}],"wp:attachment":[{"href":"https:\/\/safe-sailing.com\/fr\/wp-json\/wp\/v2\/media?parent=4076"}],"curies":[{"name":"wp","href":"https:\/\/api.w.org\/{rel}","templated":true}]}}