{"id":13146,"date":"2023-10-04T10:13:56","date_gmt":"2023-10-04T08:13:56","guid":{"rendered":"https:\/\/safe-sailing.com\/?page_id=13146"},"modified":"2023-10-04T23:02:55","modified_gmt":"2023-10-04T21:02:55","slug":"skipper-training","status":"publish","type":"page","link":"https:\/\/safe-sailing.com\/fr\/skipper-training\/","title":{"rendered":"Skipper Training"},"content":{"rendered":"<p><span><img decoding=\"async\" alt=\"Heureux d'avoir Yvan Ravussin sur le SY Arctic Breeze pour un cours de pr\u00e9paration RYA YM\" data-id=\"13151\" width=\"1060\" height=\"398\" title=\"Helm at its master\" src=\"https:\/\/safe-sailing.com\/wp-content\/uploads\/2023\/10\/Skipper-Yvan-16-6-bw.jpg\" data-width=\"1060\" data-height=\"398\" data-init-width=\"1500\" data-init-height=\"563\" loading=\"lazy\" style=\"aspect-ratio: auto 1500 \/ 563;\"><\/span><\/p>\n<p>Helm at its master &#8211; Skipper Yvan<\/p>\n<h1>Skipper Training<\/h1>\n<p><strong><strong>Vous pensez \u00e0 une formation continue en tant que skipper, mais vous ne voulez pas vous exposer au stress des examens pendant le peu de temps libre dont vous disposez? Nous vous proposons une solution sur mesure.<\/strong><\/strong><\/p>\n<h6 style=\"font-size: 19px !important;\">Vous ne cherchez pas en premier lieu \u00e0 obtenir un permis de navigation, mais souhaitez b\u00e9n\u00e9ficier d&rsquo;un coaching de qualit\u00e9 \u00e0 la voile.Apprenez \u00e0 mieux naviguer !<\/h6>\n<h6 style=\"font-size: 19px !important;\"><strong>Quels sont les sujets abord\u00e9s lors de la formation ?<\/strong><\/h6>\n<p style=\"\">Une formation adapt\u00e9e \u00e0 vos besoins<\/p>\n<p><span><img decoding=\"async\" alt=\"Introduction aux man\u0153uvres\" width=\"702\" height=\"526\" title=\"IMG_0744\" data-id=\"13095\" src=\"https:\/\/safe-sailing.com\/wp-content\/uploads\/2023\/10\/IMG_0744-scaled.jpeg\" data-width=\"702\" data-height=\"526\" data-init-width=\"2560\" data-init-height=\"1920\" loading=\"lazy\" style=\"aspect-ratio: auto 2560 \/ 1920;\"><\/span><\/p>\n<p>Step by step explication<\/p>\n<h6><strong><span style=\"font-size: 19px;\">Au d\u00e9but du cours, nous \u00e9tablirons ensemble un plan d&rsquo;action sur la base de vos besoins et de vos objectifs.<\/span><\/strong><\/h6>\n<p>Exemples de sujets abord\u00e9sManoeuvres:- man\u0153uvres de port- man\u0153uvres \u00e0 la &nbsp;de voile- homme \u00e0 la mer- mouillage &amp; amarrage sous voile \/moteur- mouillage \u00e0 la su\u00e9doise- Spinnaker et Gennaker<\/p>\n<p>Navigation:- planification d&rsquo;itin\u00e9raires- pilotage- navigation terrestre et \u00e9lectronique- radar et AIS- cartes raster et cartes vectorielles- balises<\/p>\n<p>Connaissances maritimes:- pr\u00e9vention des collisions- analyse m\u00e9t\u00e9o- routage m\u00e9t\u00e9o<\/p>\n<h6><strong>Vie \u00e0 bord<\/strong><\/h6>\n<h6>Ensemble<\/h6>\n<p><span><img decoding=\"async\" alt=\"\" width=\"702\" height=\"702\" title=\"IMG_0778\" data-id=\"13104\" src=\"https:\/\/safe-sailing.com\/wp-content\/uploads\/2023\/10\/IMG_0778-1-scaled.jpeg\" data-width=\"702\" data-height=\"702\" data-init-width=\"2560\" data-init-height=\"2560\" loading=\"lazy\" style=\"aspect-ratio: auto 2560 \/ 2560;\"><\/span><\/p>\n<p>Fun must be a part of sailing<\/p>\n<h6><strong>Respect et esprit d&rsquo;\u00e9quipe<\/strong><strong><\/strong><\/h6>\n<p>\u00c0 bord de notre voilier <em>Arctic Breeze<\/em>, nous privil\u00e9gions une communication ouverte et respectueuse. Tout le monde participe \u00e0 la vie \u00e0 bord et au bon fonctionnement du bateau.<\/p>\n<h6><strong>S\u00e9curit\u00e9<\/strong><\/h6>\n<h6>Un point essentiel<\/h6>\n<p><span><img decoding=\"async\" alt=\"Die Sicherheitsausr\u00fcstung ist im Notfall wichtig - Die Crew mit derem Umgang eingef\u00fchrt.\" width=\"702\" height=\"468\" title=\"KA_20190429_673 1\" data-id=\"12921\" src=\"https:\/\/safe-sailing.com\/wp-content\/uploads\/2023\/10\/KA_20190429_673-1.jpg\" data-width=\"702\" data-height=\"468\" data-init-width=\"1500\" data-init-height=\"1000\" loading=\"lazy\" style=\"aspect-ratio: auto 1500 \/ 1000;\"><\/span><\/p>\n<p>Safety briefing<\/p>\n<h6><strong>Instructions d\u00e9taill\u00e9es<\/strong><strong><\/strong><\/h6>\n<p>Nous vous pr\u00e9senterons en d\u00e9tail l\u2019\u00e9quipement de s\u00e9curit\u00e9 du voilier et son utilisation. Vous commencerez par v\u00e9rifier le gilet de sauvetage que vous porterez pendant la croisi\u00e8re. Nous \u00e9voquerons plusieurs situations d\u2019urgence auxquelles nous apprendrons \u00e0 r\u00e9agir par des exercices pratiques.<\/p>\n<\/p>\n<h6 style=\"font-size: 19px !important;\"><strong>Skipper<\/strong><\/h6>\n<h6 style=\"font-size: 19px !important;\">Passion meets knowledge<\/h6>\n<p><span><img loading=\"lazy\" decoding=\"async\" alt=\"Partners laugh\" width=\"1408\" height=\"939\" title=\"Fun among instructors\" data-id=\"2037\" src=\"https:\/\/safe-sailing.com\/wp-content\/uploads\/2017\/10\/Partners-laugh-3-2.jpg\"><\/span><\/p>\n<p>SAFE-Sailing Chief Instructor Nigel &amp; Principal Felix<\/p>\n<h6 style=\"font-size: 19px !important;\"><strong>Naviguer sans stress<\/strong><strong><\/strong><\/h6>\n<p>Des instructeurs RYA motiv\u00e9s et exp\u00e9riment\u00e9s \u00e0 votre service.<\/p>\n<p><span><img decoding=\"async\" alt=\"No fun - no good results\" width=\"702\" height=\"526\" title=\"IMG_0809\" data-id=\"13091\" src=\"https:\/\/safe-sailing.com\/wp-content\/uploads\/2023\/10\/IMG_0809-scaled.jpeg\" data-width=\"702\" data-height=\"526\" data-init-width=\"2560\" data-init-height=\"1920\" loading=\"lazy\" style=\"aspect-ratio: auto 2560 \/ 1920;\"><\/span><\/p>\n<p>Having a good time on SY Arctic Breeze<\/p>\n<h6 style=\"font-size: 19px !important;\"><strong>Dans la joie et la bonne humeur !<\/strong><\/h6>\n<p>On apprend mieux dans la joie et la bonne humeur.&nbsp;Naviguer est un plaisir et &nbsp;nous nous r\u00e9jouissons de pouvoir le partager avec vous dans une ambiance d\u00e9contract\u00e9e. Vous n&rsquo;aurez pas d&rsquo;examen \u00e0 passer, juste \u00e0 profiter d&rsquo;un cadre propice \u00e0 l&rsquo;apprentissage pour parfaire vos comp\u00e9tences nautiques. Nous vous aiderons \u00e0 renforcer vos points forts et \u00e0 combler vos lacunes.<\/p>\n<h6 style=\"font-size: 19px !important;\"><strong>Larguer les amarres<\/strong><\/h6>\n<h6 style=\"font-size: 19px !important;\">M\u00e9t\u00e9o<\/h6>\n<p><span><img decoding=\"async\" alt=\"Windy forecast\" width=\"702\" height=\"504\" title=\"IMG_0716\" data-id=\"13082\" src=\"https:\/\/safe-sailing.com\/wp-content\/uploads\/2023\/10\/IMG_0716.jpeg\" data-width=\"702\" data-height=\"504\" data-init-width=\"2224\" data-init-height=\"1599\" loading=\"lazy\" style=\"aspect-ratio: auto 2224 \/ 1599;\"><\/span><\/p>\n<p>Heavy wind forecast<\/p>\n<h6><strong><span style=\"font-size: 19px;\">Conditions m\u00e9t\u00e9orologiques<\/span><\/strong><strong><\/strong><\/h6>\n<p>La planification d\u00e9finitive de la croisi\u00e8re d\u00e9pendra des conditions m\u00e9t\u00e9orologiques, de l\u2019\u00e9tat de la mer et du vent. <em>Arctic Breeze<\/em> est en excellent \u00e9tat et \u00e9quip\u00e9 pour le gros temps. Il se peut tout de m\u00eame qu\u2019il faille renoncer \u00e0 prendre la mer ou changer de port de d\u00e9part ou d\u2019arriv\u00e9e si les conditions m\u00e9t\u00e9o ou techniques l\u2019exigent. Nous ferons bien entendu notre possible pour l\u2019\u00e9viter, mais la s\u00e9curit\u00e9 de l\u2019\u00e9quipage et du bateau passe avant tout.<\/p>\n","protected":false},"excerpt":{"rendered":"<p>Helm at its master &#8211; Skipper Yvan Skipper Training Vous pensez \u00e0 une formation continue en tant que skipper, mais vous ne voulez pas vous exposer au stress des examens pendant le peu de temps libre dont vous disposez? Nous vous proposons une solution sur mesure. Vous ne cherchez pas en premier lieu \u00e0 obtenir [&hellip;]<\/p>\n","protected":false},"author":1,"featured_media":3345,"parent":0,"menu_order":0,"comment_status":"closed","ping_status":"closed","template":"","meta":{"footnotes":""},"class_list":["post-13146","page","type-page","status-publish","has-post-thumbnail","hentry"],"_links":{"self":[{"href":"https:\/\/safe-sailing.com\/fr\/wp-json\/wp\/v2\/pages\/13146","targetHints":{"allow":["GET"]}}],"collection":[{"href":"https:\/\/safe-sailing.com\/fr\/wp-json\/wp\/v2\/pages"}],"about":[{"href":"https:\/\/safe-sailing.com\/fr\/wp-json\/wp\/v2\/types\/page"}],"author":[{"embeddable":true,"href":"https:\/\/safe-sailing.com\/fr\/wp-json\/wp\/v2\/users\/1"}],"replies":[{"embeddable":true,"href":"https:\/\/safe-sailing.com\/fr\/wp-json\/wp\/v2\/comments?post=13146"}],"version-history":[{"count":10,"href":"https:\/\/safe-sailing.com\/fr\/wp-json\/wp\/v2\/pages\/13146\/revisions"}],"predecessor-version":[{"id":13185,"href":"https:\/\/safe-sailing.com\/fr\/wp-json\/wp\/v2\/pages\/13146\/revisions\/13185"}],"wp:featuredmedia":[{"embeddable":true,"href":"https:\/\/safe-sailing.com\/fr\/wp-json\/wp\/v2\/media\/3345"}],"wp:attachment":[{"href":"https:\/\/safe-sailing.com\/fr\/wp-json\/wp\/v2\/media?parent=13146"}],"curies":[{"name":"wp","href":"https:\/\/api.w.org\/{rel}","templated":true}]}}