{"id":13127,"date":"2023-10-04T09:00:19","date_gmt":"2023-10-04T07:00:19","guid":{"rendered":"https:\/\/safe-sailing.com\/?page_id=13127"},"modified":"2023-10-04T23:03:37","modified_gmt":"2023-10-04T21:03:37","slug":"miles-builder","status":"publish","type":"page","link":"https:\/\/safe-sailing.com\/fr\/miles-builder\/","title":{"rendered":"Croisi\u00e8re de milles \/ validation de milles"},"content":{"rendered":"<p><span><img decoding=\"async\" alt=\"Validation des milles\" data-id=\"3577\" width=\"1060\" height=\"398\" title=\"Offshore sailing on SY Arctic Breeze\" src=\"https:\/\/safe-sailing.com\/wp-content\/uploads\/2017\/10\/Helming-16-6-bw.jpg\" data-width=\"1060\" data-height=\"398\" data-init-width=\"1500\" data-init-height=\"563\" loading=\"lazy\" style=\"aspect-ratio: auto 1500 \/ 563;\"><\/span><\/p>\n<p>Croisi\u00e8re de milles \u00e0 la voile sur Arctic Breeze<\/p>\n<h1><strong>Croisi\u00e8re de milles \/ validation de milles<\/strong><\/h1>\n<p><strong><strong>Vous avez besoin de milles nautiques pour obtenir un des permis de navigation suivants, par exemple?- certificat de conduite en mer (CCM), Suisse- Sportseeschifferschein (SSS), Allemagne- Sporthochseeschifferschein (SHS), Allemagne- Zertifikate f\u00fcr die F\u00fchrung von Jachten, Autriche<\/strong><\/strong><\/p>\n<h6 style=\"font-size: 19px !important;\">Il ne suffit pas d&rsquo;accumuler les milles nautiques, encore faut-il qu&rsquo;ils soient de qualit\u00e9.Apprenez \u00e0 mieux naviguer !<\/h6>\n<h6 style=\"font-size: 19px !important;\"><strong>Apprendre \u00e0 g\u00e9rer le bateau<\/strong><\/h6>\n<h6 style=\"font-size: 19px !important;\">Passion meets knowledge<\/h6>\n<p><span><img loading=\"lazy\" decoding=\"async\" alt=\"Partners laugh\" width=\"1408\" height=\"939\" title=\"Fun among instructors\" data-id=\"2037\" src=\"https:\/\/safe-sailing.com\/wp-content\/uploads\/2017\/10\/Partners-laugh-3-2.jpg\"><\/span><\/p>\n<p>SAFE-Sailing Chief Instructor Nigel &amp; Principal Felix<\/p>\n<h6 style=\"font-size: 19px !important;\"><strong>Naviguer sans stress<\/strong><strong><\/strong><\/h6>\n<p>Des instructeurs RYA motiv\u00e9s et exp\u00e9riment\u00e9s \u00e0 votre service.<\/p>\n<p><span><img decoding=\"async\" alt=\"Sans joie et sans plaisir, la croisi\u00e8re n'est pas aussi cool.\" width=\"702\" height=\"526\" title=\"A good team\" data-id=\"13011\" src=\"https:\/\/safe-sailing.com\/wp-content\/uploads\/2023\/10\/IMG_0391-scaled.jpg\" data-width=\"702\" data-height=\"526\" data-init-width=\"2560\" data-init-height=\"1920\" loading=\"lazy\" style=\"aspect-ratio: auto 2560 \/ 1920;\"><\/span><\/p>\n<p>Freude herrscht<\/p>\n<p><span style=\"font-size: 19px !important;\"><strong>Dans la joie et la bonne humeur!<\/strong><\/span>On apprend mieux dans la joie et la bonne humeur. Naviguer est un plaisir et &nbsp;nous nous r\u00e9jouissons de pouvoir le partager avec vous dans une ambiance d\u00e9contract\u00e9e. Vous n&rsquo;aurez pas d&rsquo;examen \u00e0 passer, juste \u00e0 profiter d&rsquo;un cadre propice \u00e0 l&rsquo;apprentissage pour parfaire vos comp\u00e9tences nautiques. Nous vous aiderons \u00e0 renforcer vos points forts et \u00e0 combler vos lacunes.<\/p>\n<h6 style=\"font-size: 19px !important;\"><strong>Qu&rsquo;allez-vous vivre?<\/strong><\/h6>\n<p style=\"\">Une exp\u00e9rience inoubliable<\/p>\n<p><span><img decoding=\"async\" alt=\"Best way to sail\" width=\"702\" height=\"929\" title=\"IMG_9348\" data-id=\"12990\" src=\"https:\/\/safe-sailing.com\/wp-content\/uploads\/2023\/10\/IMG_9348-scaled.jpeg\" data-width=\"702\" data-height=\"929\" data-init-width=\"1934\" data-init-height=\"2560\" loading=\"lazy\" style=\"aspect-ratio: auto 1934 \/ 2560;\"><\/span><\/p>\n<p>SY Arctic Breeze &#8211; our beloved Arcona 400 school boat<\/p>\n<h6><strong><span style=\"font-size: 19px;\">Arctic Breeze: un voilier confortable et performant<\/span><\/strong><strong><\/strong><\/h6>\n<p>Naviguer avec l&rsquo;un des meilleurs voiliers de course\/croisi\u00e8re su\u00e9dois dans une zone de navigation idyllique. Les \u00e9tapes seront fix\u00e9es en tenant compte du vent et des pr\u00e9visions m\u00e9t\u00e9orologiques. Vous aurez l&rsquo;occasion de vous exercer \u00e0 toute sorte de man\u0153uvres.Conjuguer le plaisir de naviguer et d&rsquo;\u00eatre sur la mer. Larguer les amarres, hisser les voiles, et d\u00e9couvrir une zone de navigation fascinante.<\/p>\n<h6><strong>S\u00e9curit\u00e9<\/strong><\/h6>\n<h6>Un point essentiel<\/h6>\n<p><span><img decoding=\"async\" alt=\"Die Sicherheitsausr\u00fcstung ist im Notfall wichtig - Die Crew mit derem Umgang eingef\u00fchrt.\" width=\"702\" height=\"468\" title=\"KA_20190429_673 1\" data-id=\"12921\" src=\"https:\/\/safe-sailing.com\/wp-content\/uploads\/2023\/10\/KA_20190429_673-1.jpg\" data-width=\"702\" data-height=\"468\" data-init-width=\"1500\" data-init-height=\"1000\" loading=\"lazy\" style=\"aspect-ratio: auto 1500 \/ 1000;\"><\/span><\/p>\n<p>Safety briefing<\/p>\n<h6><strong>Instructions d\u00e9taill\u00e9es<\/strong><strong><\/strong><\/h6>\n<p>Nous vous pr\u00e9senterons en d\u00e9tail l\u2019\u00e9quipement de s\u00e9curit\u00e9 du voilier et son utilisation. Vous commencerez par v\u00e9rifier le gilet de sauvetage que vous porterez pendant la croisi\u00e8re. Nous \u00e9voquerons plusieurs situations d\u2019urgence auxquelles nous apprendrons \u00e0 r\u00e9agir par des exercices pratiques.<\/p>\n<\/p>\n<h6><strong>Vie \u00e0 bord<\/strong><\/h6>\n<h6>Ensemble<\/h6>\n<p><span><img loading=\"lazy\" decoding=\"async\" alt=\"Fr\u00f6hliche Crew\" width=\"3024\" height=\"2016\" title=\"Happy crew\" data-id=\"1942\" src=\"\/\/safe-sailing.com\/wp-content\/uploads\/2017\/10\/IMG_2447.jpg\"><\/span><\/p>\n<p>Fun must be a part of sailing<\/p>\n<h6><strong>Respect et esprit d&rsquo;\u00e9quipe<\/strong><strong><\/strong><\/h6>\n<p>\u00c0 bord de notre voilier <em>Arctic Breeze<\/em>, nous privil\u00e9gions une communication ouverte et respectueuse. Tout le monde partic<u><\/u>ipe \u00e0 la vie \u00e0 bord et au bon fonctionnement du bateau.<\/p>\n<h6 style=\"font-size: 19px !important;\"><strong>Larguer les amarres<\/strong><\/h6>\n<h6 style=\"font-size: 19px !important;\">M\u00e9t\u00e9o<\/h6>\n<p><span><img decoding=\"async\" alt=\"Windy forecast\" width=\"702\" height=\"504\" title=\"IMG_0716\" data-id=\"13082\" src=\"https:\/\/safe-sailing.com\/wp-content\/uploads\/2023\/10\/IMG_0716.jpeg\" data-width=\"702\" data-height=\"504\" data-init-width=\"2224\" data-init-height=\"1599\" loading=\"lazy\" style=\"aspect-ratio: auto 2224 \/ 1599;\"><\/span><\/p>\n<p>Heavy wind forecast<\/p>\n<h6><strong><span style=\"font-size: 19px;\">Conditions m\u00e9t\u00e9orologiques<\/span><\/strong><strong><\/strong><\/h6>\n<p>La planification d\u00e9finitive de la croisi\u00e8re d\u00e9pendra des conditions m\u00e9t\u00e9orologiques, de l\u2019\u00e9tat de la mer et du vent. <em>Arctic Breeze<\/em> est en excellent \u00e9tat et \u00e9quip\u00e9 pour le gros temps. Il se peut tout de m\u00eame qu\u2019il faille renoncer \u00e0 prendre la mer ou changer de port de d\u00e9part ou d\u2019arriv\u00e9e si les conditions m\u00e9t\u00e9o ou techniques l\u2019exigent. Nous ferons bien entendu notre possible pour l\u2019\u00e9viter, mais la s\u00e9curit\u00e9 de l\u2019\u00e9quipage et du bateau passe avant tout.<\/p>\n","protected":false},"excerpt":{"rendered":"<p>Croisi\u00e8re de milles \u00e0 la voile sur Arctic Breeze Croisi\u00e8re de milles \/ validation de milles Vous avez besoin de milles nautiques pour obtenir un des permis de navigation suivants, par exemple?- certificat de conduite en mer (CCM), Suisse- Sportseeschifferschein (SSS), Allemagne- Sporthochseeschifferschein (SHS), Allemagne- Zertifikate f\u00fcr die F\u00fchrung von Jachten, Autriche Il ne suffit [&hellip;]<\/p>\n","protected":false},"author":1,"featured_media":3345,"parent":0,"menu_order":0,"comment_status":"closed","ping_status":"closed","template":"","meta":{"footnotes":""},"class_list":["post-13127","page","type-page","status-publish","has-post-thumbnail","hentry"],"_links":{"self":[{"href":"https:\/\/safe-sailing.com\/fr\/wp-json\/wp\/v2\/pages\/13127","targetHints":{"allow":["GET"]}}],"collection":[{"href":"https:\/\/safe-sailing.com\/fr\/wp-json\/wp\/v2\/pages"}],"about":[{"href":"https:\/\/safe-sailing.com\/fr\/wp-json\/wp\/v2\/types\/page"}],"author":[{"embeddable":true,"href":"https:\/\/safe-sailing.com\/fr\/wp-json\/wp\/v2\/users\/1"}],"replies":[{"embeddable":true,"href":"https:\/\/safe-sailing.com\/fr\/wp-json\/wp\/v2\/comments?post=13127"}],"version-history":[{"count":13,"href":"https:\/\/safe-sailing.com\/fr\/wp-json\/wp\/v2\/pages\/13127\/revisions"}],"predecessor-version":[{"id":13186,"href":"https:\/\/safe-sailing.com\/fr\/wp-json\/wp\/v2\/pages\/13127\/revisions\/13186"}],"wp:featuredmedia":[{"embeddable":true,"href":"https:\/\/safe-sailing.com\/fr\/wp-json\/wp\/v2\/media\/3345"}],"wp:attachment":[{"href":"https:\/\/safe-sailing.com\/fr\/wp-json\/wp\/v2\/media?parent=13127"}],"curies":[{"name":"wp","href":"https:\/\/api.w.org\/{rel}","templated":true}]}}