{"id":12200,"date":"2021-11-04T21:27:23","date_gmt":"2021-11-04T20:27:23","guid":{"rendered":"https:\/\/safe-sailing.com\/?page_id=12200"},"modified":"2026-04-08T12:00:28","modified_gmt":"2026-04-08T10:00:28","slug":"croisieres","status":"publish","type":"page","link":"https:\/\/safe-sailing.com\/fr\/croisieres\/","title":{"rendered":"Croisi\u00e8res"},"content":{"rendered":"<p><span style=\"--tcb-applied-color: rgb(244, 35, 6) !important; color: rgb(244, 35, 6) !important;\">Saison 2026 &#8211; L&rsquo;appel du large <span><\/p>\n<p>Les points forts de la saison 2026:&nbsp;<\/span><br \/><span>&#8211; l<\/span><\/span><span><span style=\"--tcb-applied-color: rgb(244, 35, 6) !important; color: rgb(244, 35, 6) !important;\">&lsquo;archipel de Stockholm et les \u00eeles \u00c5land, de quoi satisfaire les \u00e9quipages les plus exigeants, <br \/>&#8211; la r\u00e9gate Mid Summer Race: la plus longue en Mer Baltique !<\/span><\/span><br \/><span><br \/><span>Nous vous avons concoct\u00e9 un programme vari\u00e9:<br \/>&#8211; formations&nbsp;<\/span><\/span><a href=\"https:\/\/safe-sailing.com\/fr\/cours-rya\/\" target=\"_blank\" style=\"outline: currentcolor;\"><span><span><strong>Royal Yacht Association <\/strong><\/span><\/span><span><span><strong>RYA<\/strong><\/span><\/span><\/a><span><span> &#8211; de l&rsquo;\u00e9quipage comp\u00e9tent au capitaine (Yachtmaster), certificat mondialement reconnu<\/span><\/span><br \/><span><span style=\"--tcb-applied-color: rgb(24, 24, 24) !important; color: rgb(24, 24, 24) !important;\">&#8211; <\/span><\/span><a href=\"https:\/\/safe-sailing.com\/fr\/skipper-training\/\" target=\"_blank\" style=\"outline: currentcolor;\"><span><span style=\"--tcb-applied-color: rgb(24, 24, 24) !important; color: rgb(24, 24, 24) !important;\"><strong>formation de skipper<\/strong><\/span><\/span><\/a><span><span style=\"--tcb-applied-color: rgb(24, 24, 24) !important; color: rgb(24, 24, 24) !important;\"> &#8211; adapt\u00e9e \u00e0 vos besoin<\/span><\/span><br \/><span><span style=\"--tcb-applied-color: rgb(24, 24, 24) !important; color: rgb(24, 24, 24) !important;\"><span><span>&#8211; <\/span><\/span><\/span><\/span><a href=\"https:\/\/safe-sailing.com\/fr\/miles-builder\/\" target=\"_blank\" style=\"outline: currentcolor;\"><span><span style=\"--tcb-applied-color: rgb(24, 24, 24) !important; color: rgb(24, 24, 24) !important;\"><span><span><strong>validation de milles nautiques<\/strong><\/span><\/span><\/span><\/span><\/a><span><span style=\"--tcb-applied-color: rgb(24, 24, 24) !important; color: rgb(24, 24, 24) !important;\"><span><span> &#8211; des \u00e9tapes de plusieurs jours pour accumuler des milles et naviguer de nuit<\/span><\/span><span><span><br \/><\/span><\/span><\/span><\/span><span><span style=\"--tcb-applied-color: rgb(24, 24, 24) !important; color: rgb(24, 24, 24) !important;\">&#8211; <\/span><\/span><a href=\"https:\/\/safe-sailing.com\/fr\/miles-and-more\/\" target=\"_blank\" style=\"outline: currentcolor;\"><span><span style=\"--tcb-applied-color: rgb(24, 24, 24) !important; color: rgb(24, 24, 24) !important;\"><strong>miles &amp; more<\/strong><\/span><\/span><\/a><span><span style=\"--tcb-applied-color: rgb(24, 24, 24) !important; color: rgb(24, 24, 24) !important;\"> &#8211; des croisi\u00e8res de plaisance \u00e0 la d\u00e9couverte de mouillages bucoliques et de villes \u00e9tonnantes<\/span><\/span><br \/><span><span style=\"--tcb-applied-color: rgb(24, 24, 24) !important; color: rgb(24, 24, 24) !important;\">&#8211; <\/span><\/span><a href=\"https:\/\/www.midsummersail.com\" target=\"_blank\" style=\"outline: currentcolor;\"><span><span style=\"--tcb-applied-color: rgb(24, 24, 24) !important; color: rgb(24, 24, 24) !important;\">Mid Summer Race&nbsp;<\/span><\/span><\/a><span><span style=\"--tcb-applied-color: rgb(24, 24, 24) !important; color: rgb(24, 24, 24) !important;\">&#8211; la plus longue r\u00e9gate&nbsp;<\/span><\/span><span><span>en mer Baltique<br \/><\/span><span style=\"color: rgb(24, 24, 24) !important;\"><span><br \/><\/span><\/span><\/span><span style=\"color: rgb(24, 24, 24) !important;\"><span style=\"--tcb-applied-color: rgb(24, 24, 24) !important;\">Nous nous r\u00e9jouissons de vous accueillir \u00e0 bord d&rsquo;Arctic Breeze!<\/span><\/span><\/p>\n<p><span style=\"--tcb-applied-color: rgb(24, 24, 24) !important; color: rgb(24, 24, 24) !important;\">L&rsquo;\u00e9quipe de SAFE-Sailing<\/span><\/p>\n<p style=\"\"><strong>2026 &#8211; Mer Baltique<\/strong><\/p>\n<p><strong>Croisi\u00e8res<\/strong><br \/>Venez d\u00e9couvrir la mer Baltique \u00e0 la voile! Profitez-en pour faire des milles et gagner en exp\u00e9rience (en solo, entre amis, en couple ou en famille).<\/p>\n<p><strong>Cours RYA<\/strong><br \/>Venez apprendre \u00e0 naviguer, am\u00e9liorer et perfectionner vos comp\u00e9tences nautiques! Et rentrez chez vous avec, en poche, un certificat reconnu dans le monde entier.<\/p>\n<p>Le cours <strong><em>Competent Crew<\/em><\/strong> (\u00e9quipier comp\u00e9tent) peut \u00eatre dispens\u00e9 parall\u00e8lement \u00e0 d&rsquo;autres niveaux (<em>Day Skipper &amp; Competent Crew, Coastal Skipper &amp; Competent Crew<\/em>).<\/p>\n<p style=\"\"><strong>R\u00e9servez d&rsquo;ores et d\u00e9j\u00e0 votre place pour la saison 2026 !<\/strong><\/p>\n<p><strong><strong><strong><strong><strong><strong>09.05.-15.05.2026<\/strong><\/strong><\/strong><\/strong><\/strong><\/strong><\/p>\n<p>Kiel-Kiel<\/p>\n<p>RYA Day Skipper \/ Comp. Crew<\/p>\n<p><strong><a href=\"https:\/\/safe-sailing.com\/fr\/produkt\/2112ryacs\" target=\"_blank\" style=\"outline: none;\"><strong><strong><\/strong><\/strong><\/a><strong><strong><a href=\"https:\/\/safe-sailing.com\/fr\/produkt\/09-05-15-05-2026-rya-competent-crew-day-skipper\/\" target=\"_blank\" style=\"outline: none;\">Infos \/ full<\/a><strong><strong><a href=\"https:\/\/safe-sailing.com\/fr\/produkt\/09-07-15-07-2022-rya-competent-crew-day-skipper\/\" target=\"_blank\" style=\"outline: none;\"><br \/><\/a><\/strong><\/strong><\/strong><\/strong><span style=\"color: rgb(184, 217, 53);\"><\/span><\/strong><\/p>\n<p><strong><strong><strong><strong><strong><strong>16.05.-22.05.2026<\/strong><\/strong><\/strong><\/strong><\/strong><\/strong><\/p>\n<p>Kiel-Kiel<\/p>\n<p>RYA Comp. Crew \/ Day Skipper<\/p>\n<p><strong><a href=\"https:\/\/safe-sailing.com\/fr\/produkt\/2112ryacs\" target=\"_blank\" style=\"outline: none;\"><strong><strong><\/strong><\/strong><\/a><strong><strong><a href=\"https:\/\/safe-sailing.com\/fr\/produkt\/16-05-22-05-2026-rya-competent-crew-day-skipper\/\" target=\"_blank\" style=\"outline: none;\">Infos \/ full<\/a><strong><strong><a href=\"https:\/\/safe-sailing.com\/fr\/produkt\/09-07-15-07-2022-rya-competent-crew-day-skipper\/\" target=\"_blank\" style=\"outline: none;\"><br \/><\/a><\/strong><\/strong><\/strong><\/strong><span style=\"color: rgb(184, 217, 53);\"><\/span><\/strong><\/p>\n<p><strong><strong><strong><strong><strong><strong>23.05.-29.05.2026<\/strong><\/strong><\/strong><\/strong><\/strong><\/strong><\/p>\n<p>Kiel-Kiel<\/p>\n<p>RYA Day Skipper \/ Comp. Crew<\/p>\n<p><strong><a href=\"https:\/\/safe-sailing.com\/fr\/produkt\/2112ryacs\" target=\"_blank\" style=\"outline: none;\"><strong><strong><\/strong><\/strong><\/a><strong><strong><a href=\"https:\/\/safe-sailing.com\/fr\/produkt\/23-05-29-05-2026-rya-day-skipper-competent-crew\/\" target=\"_blank\" style=\"outline: none;\">Infos \/ r\u00e9servation<\/a><strong><strong><a href=\"https:\/\/safe-sailing.com\/fr\/produkt\/09-07-15-07-2022-rya-competent-crew-day-skipper\/\" target=\"_blank\" style=\"outline: none;\"><br \/><\/a><\/strong><\/strong><\/strong><\/strong><span style=\"color: rgb(184, 217, 53);\"><\/span><\/strong><\/p>\n<p><strong><strong><strong><strong><strong><strong><strong>30<\/strong><\/strong><\/strong><strong><strong><strong>.05.-05.06.2026<\/strong><\/strong><\/strong><\/strong><\/strong><\/strong><\/strong><\/p>\n<p>Kiel-Kiel<\/p>\n<p>RYA Coastal Skipper \/ Comp. Crew<\/p>\n<p><strong><a href=\"https:\/\/safe-sailing.com\/fr\/produkt\/03-05-12-05-2022-miles-and-more\/\" style=\"outline: none;\" target=\"_blank\"><strong><strong><strong><\/strong><\/strong><\/strong><\/a><strong><strong><strong><a href=\"https:\/\/safe-sailing.com\/fr\/produkt\/30-05-05-06-2026-rya-coastal-skipper\/\" target=\"_blank\" style=\"outline: currentcolor;\">Infos \/ full<\/a><\/strong><\/strong><\/strong><span style=\"color: rgb(184, 217, 53);\"><\/span><\/strong><\/p>\n<p><strong><strong><strong><strong>06.06.-12.06.2026<\/strong><\/strong><\/strong><\/strong><\/p>\n<p>Kiel-Kiel<\/p>\n<p>RYA Day Skipper \/ Comp. Crew<\/p>\n<p><strong><a href=\"https:\/\/safe-sailing.com\/fr\/produkt\/13-05-19-05-2023-tidal-water-spi-training\/\" target=\"_blank\" style=\"outline: none;\"><strong><strong><strong><\/strong><\/strong><\/strong><\/a><strong><strong><strong><a href=\"https:\/\/safe-sailing.com\/fr\/produkt\/08-06-14-06-2024-rya-day-skipper\/\" target=\"_blank\" style=\"outline: currentcolor;\"><strong><strong><strong><strong><strong><\/strong><\/strong><\/strong><\/strong><\/strong><\/a><strong><strong><strong><a href=\"https:\/\/safe-sailing.com\/fr\/produkt\/06-06-12-06-2026-rya-day-skipper-competent-crew\/\" target=\"_blank\" style=\"outline: currentcolor;\">Infos \/ full<\/a><\/strong><\/strong><\/strong><\/strong><\/strong><\/strong><\/strong><span style=\"color: rgb(184, 217, 53);\"><\/span><\/p>\n<p><strong><strong><strong><strong><strong>13.06.-17.06.2026<\/strong><\/strong><\/strong><\/strong><\/strong><\/p>\n<p>Kiel-Wismar<\/p>\n<p>Pr\u00e9p. r\u00e9gate MSR<\/p>\n<p><strong><a href=\"https:\/\/safe-sailing.com\/fr\/produkt\/2103ryacs\" target=\"_blank\" style=\"outline: none;\"><strong><\/strong><\/a><strong><a href=\"https:\/\/safe-sailing.com\/fr\/produkt\/20-05-26-05-2023-rya-competent-crew-day-skipper\/\" target=\"_blank\" style=\"outline: none;\"><strong><strong><strong><\/strong><\/strong><\/strong><\/a><strong><strong><strong><a href=\"https:\/\/safe-sailing.com\/fr\/produkt\/13-06-17-06-2026-mid-summer-race-preparation\/\" target=\"_blank\" style=\"outline: currentcolor;\">Infos \/ r\u00e9servation<\/a><\/strong><\/strong><\/strong><\/strong><span style=\"color: rgb(184, 217, 53);\"><\/span><\/strong><\/p>\n<p><strong><strong><strong><strong><strong>18.06.-03.07.2026<\/strong><\/strong><\/strong><\/strong><\/strong><\/p>\n<p>Wismar-Lulea SWE<\/p>\n<p>Mid Summer Race<\/p>\n<p><strong><a href=\"https:\/\/safe-sailing.com\/fr\/produkt\/2105ryads\" target=\"_blank\" style=\"outline: none;\"><strong><strong><\/strong><\/strong><\/a><strong><strong><a href=\"https:\/\/safe-sailing.com\/fr\/produkt\/27-05-02-06-2023-rya-day-skipper-competent-crew\/\" target=\"_blank\" style=\"outline: none;\"><strong><strong><strong><\/strong><\/strong><\/strong><\/a><strong><strong><strong><a href=\"https:\/\/safe-sailing.com\/fr\/produkt\/18-06-05-07-2026-mid-summer-race\/\" target=\"_blank\" style=\"outline: currentcolor;\">Infos \/ r\u00e9servation<\/a><\/strong><\/strong><\/strong><\/strong><\/strong><\/strong><\/p>\n<p><strong><strong><strong><strong><strong>04.07.-17.07.2026<\/strong><\/strong><\/strong><\/strong><\/strong><\/p>\n<p>Lulea-Sundsvall<\/p>\n<p>Miles and More<\/p>\n<p><strong><a href=\"https:\/\/safe-sailing.com\/fr\/produkt\/2106mm\" target=\"_blank\" style=\"outline: none;\"><strong><strong><\/strong><\/strong><\/a><strong><strong><a href=\"https:\/\/safe-sailing.com\/fr\/produkt\/03-06-09-06-2023-rya-coastal-skipper-mile-builders\/\" target=\"_blank\" style=\"outline: none;\"><strong><strong><strong><\/strong><\/strong><\/strong><\/a><strong><strong><strong><a href=\"\" target=\"_blank\" style=\"outline: currentcolor;\">Infos \/ full<\/a><\/strong><\/strong><\/strong><\/strong><\/strong><\/strong><\/p>\n<p><strong><strong><strong><strong><strong>18.07.-31.07.2026<\/strong><\/strong><\/strong><\/strong><\/strong><\/p>\n<p>Sundsvall-Stockholm<\/p>\n<p>Miles and More<\/p>\n<p><a href=\"https:\/\/safe-sailing.com\/fr\/produkt\/2107RYAccds\" target=\"_blank\" style=\"outline: none;\"><strong><strong><\/strong><\/strong><\/a><strong><strong><a href=\"https:\/\/safe-sailing.com\/fr\/produkt\/10-06-16-06-2023-miles-and-more\/\" target=\"_blank\" style=\"outline: none;\"><strong><strong><strong><\/strong><\/strong><\/strong><\/a><strong><strong><strong><a href=\"https:\/\/safe-sailing.com\/fr\/produkt\/18-07-31-07-2026-miles-and-more\/\" target=\"_blank\" style=\"outline: currentcolor;\">Infos \/ r\u00e9servation<\/a><\/strong><\/strong><\/strong><\/strong><\/strong><\/p>\n<p><strong><strong><strong><strong><strong>01.08.-07.08.2026<\/strong><\/strong><\/strong><\/strong><\/strong><\/p>\n<p>Stockholm-Kalmar<\/p>\n<p>Skipper Training<\/p>\n<p><a href=\"https:\/\/safe-sailing.com\/fr\/produkt\/2108ryacs\" target=\"_blank\" style=\"outline: none;\"><strong><strong><\/strong><\/strong><\/a><strong><strong><a href=\"\" target=\"_blank\" style=\"outline: none;\">Infos \/ full<\/a><\/strong><\/strong><\/p>\n<p><strong><strong><strong><strong><strong>08.08.-18.08.2026<\/strong><\/strong><\/strong><\/strong><\/strong><\/p>\n<p>Kalmar-Copenhagen<\/p>\n<p>Miles and More<\/p>\n<p><strong><strong><strong><strong><a href=\"https:\/\/safe-sailing.com\/fr\/produkt\/08-08-18-08-2026-miles-and-more\/\" target=\"_blank\" style=\"outline: currentcolor;\">Infos \/ <span style=\"text-decoration: underline;\">r\u00e9servation<\/span><\/a><\/strong><\/strong><\/strong><\/strong><\/p>\n<p><strong><strong><strong><strong><strong><strong><strong>22.08.-28.08.2026<\/strong><\/strong><\/strong><\/strong><\/strong><\/strong><\/strong><\/p>\n<p>Copenhagen-Kiel<\/p>\n<p>RYA Coastal Skipper \/ Comp. Crew<\/p>\n<p><strong><a href=\"https:\/\/safe-sailing.com\/fr\/produkt\/2112ryacs\" style=\"outline: none;\" target=\"_blank\"><strong><strong><\/strong><\/strong><\/a><strong><strong><a href=\"https:\/\/safe-sailing.com\/fr\/produkt\/08-07-14-07-2023-rya-competent-crew-day-skipper\/\" style=\"outline: none;\" target=\"_blank\"><strong><strong><strong><\/strong><\/strong><\/strong><\/a><strong><strong><strong><a href=\"https:\/\/safe-sailing.com\/fr\/produkt\/25-05-31-05-2024-rya-coastal-skipper\/\" target=\"_blank\" style=\"outline: currentcolor;\"><strong><strong><\/strong><\/strong><\/a><strong><strong><a href=\"https:\/\/safe-sailing.com\/fr\/produkt\/22-08-28-08-2026-rya-coastal-skipper-competent-crew\/\" target=\"_blank\" style=\"outline: currentcolor;\">Infos \/ r\u00e9servation<\/a><\/strong><\/strong><\/strong><\/strong><\/strong><strong><strong><a href=\"http:\/\/h08-07-14-07-2023-rya-competent-crew-day-skipper\" style=\"outline: none;\" target=\"_blank\"><br \/><\/a><\/strong><\/strong><\/strong><\/strong><span style=\"color: rgb(184, 217, 53);\"><\/span><\/strong><\/p>\n<p><strong><strong><strong><strong><strong><strong><strong><strong><strong><strong>29.08.-04.09.2026<\/strong><\/strong><\/strong><\/strong><\/strong><\/strong><\/strong><\/strong><\/strong><\/strong><\/p>\n<p>Kiel-Kiel<\/p>\n<p>RYA Day Skipper \/ Comp. Crew<\/p>\n<p><a href=\"https:\/\/safe-sailing.com\/fr\/produkt\/2111ryaccds\" target=\"_blank\" style=\"outline: none;\"><strong><strong><\/strong><\/strong><\/a><strong><strong><a href=\"https:\/\/safe-sailing.com\/fr\/produkt\/15-07-21-07-2023-rya-day-skipper-competent-crew\/\" target=\"_blank\" style=\"outline: none;\"><strong><strong><strong><\/strong><\/strong><\/strong><\/a><strong><strong><strong><a href=\"https:\/\/safe-sailing.com\/fr\/produkt\/29-08-04-09-2026-rya-day-skipper-competent-crew\/\" target=\"_blank\" style=\"outline: currentcolor;\">Infos \/ full<\/a><\/strong><\/strong><\/strong><strong><strong><a href=\"https:\/\/safe-sailing.com\/fr\/produkt\/15-07-21-07-2023-rya-day-skipper-competent-crew\/\" target=\"_blank\" style=\"outline: none;\"><br \/><\/a><\/strong><\/strong><\/strong><\/strong><span style=\"color: rgb(184, 217, 53);\"><\/span><\/p>\n<p><strong><strong><strong><strong><strong>05.09.-11.09.2026<\/strong><\/strong><\/strong><\/strong><\/strong><\/p>\n<p>Kiel-Kiel<\/p>\n<p>RYA Coastal Skipper \/ Comp. Crew<\/p>\n<p><strong><a href=\"https:\/\/safe-sailing.com\/fr\/produkt\/2112ryacs\" style=\"outline: none;\" target=\"_blank\"><strong><strong><\/strong><\/strong><\/a><strong><strong><a href=\"https:\/\/safe-sailing.com\/fr\/produkt\/22-07-28-07-2023-miles-and-more\/\" style=\"outline: none;\" target=\"_blank\"><strong><strong><strong><\/strong><\/strong><\/strong><\/a><strong><strong><strong><a href=\"https:\/\/safe-sailing.com\/fr\/produkt\/05-09-11-09-2026-rya-coastal-skipper-competent-crew\/\" target=\"_blank\" style=\"outline: currentcolor;\">Infos \/ r\u00e9servation<\/a><\/strong><\/strong><\/strong><strong><strong><a href=\"https:\/\/safe-sailing.com\/fr\/produkt\/22-07-28-07-2023-miles-and-more\/\" style=\"outline: none;\" target=\"_blank\"><br \/><\/a><\/strong><\/strong><\/strong><\/strong><span style=\"color: rgb(184, 217, 53);\"><\/span><\/strong><\/p>\n<p style=\"\"><strong>2026 &#8211; Formation Yachtmaster: il reste quelques places<\/strong><\/p>\n<p>Stages en eaux \u00e0 mar\u00e9es<\/p>\n<p><strong>Oct. 2026<\/strong><\/p>\n<p>Portsmouth Solent UK<\/p>\n<p>Formation en eaux \u00e0 mar\u00e9e<\/p>\n<p><strong><a href=\"https:\/\/safe-sailing.com\/fr\/contact\/\" style=\"outline: none;\" target=\"_blank\"><strong><strong><strong><strong><strong><\/strong><\/strong><\/strong><\/strong><\/strong><\/a><strong><strong><strong><strong><a href=\"https:\/\/safe-sailing.com\/fr\/contact\/\" target=\"_blank\" style=\"outline: currentcolor;\">Contactez-nous, svp<\/a><\/strong><\/strong><\/strong><\/strong><\/strong><span style=\"color: rgb(184, 217, 53);\"><\/span><\/p>\n<p><strong>Nov. 2026<\/strong><\/p>\n<p>Portsmouth Solent UK<\/p>\n<p>Formation en eaux \u00e0 mar\u00e9e<\/p>\n<p><strong><a href=\"https:\/\/safe-sailing.com\/fr\/contact\/\" style=\"outline: none;\" target=\"_blank\"><strong><strong><strong><strong><strong><\/strong><\/strong><\/strong><\/strong><\/strong><\/a><strong><strong><strong><strong><a href=\"https:\/\/safe-sailing.com\/fr\/contact\/\" target=\"_blank\" style=\"outline: currentcolor;\">Contactez-nous, svp<\/a><\/strong><\/strong><\/strong><\/strong><\/strong><span style=\"color: rgb(184, 217, 53);\"><\/span><\/p>\n<p>RYA Yachtmaster Offshore prep with exam<\/p>\n<p><strong><strong><strong><strong><strong><strong><strong><strong><strong><strong><strong><strong><strong><strong><strong><strong><strong><strong><strong><strong><strong><strong><strong><strong><strong><strong><strong><strong><strong><strong><strong><strong><strong><strong><strong><strong><strong><strong><strong>Hiver 2026<\/strong><\/strong><\/strong><\/strong><\/strong><\/strong><\/strong><\/strong><\/strong><\/strong><\/strong><\/strong><\/strong><\/strong><\/strong><\/strong><\/strong><\/strong><\/strong><\/strong><\/strong><\/strong><\/strong><\/strong><\/strong><\/strong><\/strong><\/strong><\/strong><\/strong><\/strong><\/strong><\/strong><\/strong><\/strong><\/strong><\/strong><\/strong><\/strong><\/p>\n<p>Chiavari ITA<\/p>\n<p>RYA YM Offshore Sail Prep &amp; Exam<\/p>\n<p><strong><a href=\"https:\/\/safe-sailing.com\/fr\/produkt\/2113mm\" target=\"_blank\" style=\"outline: none;\"><strong><strong><\/strong><\/strong><\/a><strong><strong><a href=\"\" target=\"_blank\" style=\"outline: none;\"><strong><strong><\/strong><\/strong><\/a><strong><strong><a href=\"https:\/\/safe-sailing.com\/fr\/contact\/\" target=\"_blank\" style=\"outline: none;\">Contactez-nous, svp<\/a><\/strong><\/strong><\/strong><\/strong><\/strong><span style=\"color: rgb(184, 217, 53);\"><\/span><\/p>\n<p><strong><strong><strong><strong><strong><strong><strong><strong><strong><strong><strong><strong><strong><strong><strong><strong><strong><strong><strong><strong><strong><strong><strong><strong><strong><strong><strong><strong><strong><strong><strong><strong><strong><strong><strong><strong><strong><strong><strong>Hiver 2026<\/strong><\/strong><\/strong><\/strong><\/strong><\/strong><\/strong><\/strong><\/strong><\/strong><\/strong><\/strong><\/strong><\/strong><\/strong><\/strong><\/strong><\/strong><\/strong><\/strong><\/strong><\/strong><\/strong><\/strong><\/strong><\/strong><\/strong><\/strong><\/strong><\/strong><\/strong><\/strong><\/strong><\/strong><\/strong><\/strong><\/strong><\/strong><\/strong><\/p>\n<p>Chiavari ITA<\/p>\n<p>RYA YM Offshore Motor Prep &amp; Exam<\/p>\n<p><strong><a href=\"https:\/\/safe-sailing.com\/fr\/produkt\/2113mm\" target=\"_blank\" style=\"outline: none;\"><strong><strong><\/strong><\/strong><\/a><strong><strong><a href=\"\" target=\"_blank\" style=\"outline: none;\"><strong><strong><\/strong><\/strong><\/a><strong><strong><a href=\"https:\/\/safe-sailing.com\/fr\/contact\/\" target=\"_blank\" style=\"outline: none;\">Contactez-nous, svp<\/a><\/strong><\/strong><\/strong><\/strong><\/strong><span style=\"color: rgb(184, 217, 53);\"><\/span><\/p>\n<p><strong><strong><strong><strong><strong><strong><strong><strong><strong><strong><strong><strong><strong><strong><strong><strong><strong><strong><strong><strong><strong><strong><strong><strong><strong><strong><strong><strong><strong><strong><strong><strong><strong><strong><strong><strong>Hiver 2026<\/strong><\/strong><\/strong><\/strong><\/strong><\/strong><\/strong><\/strong><\/strong><\/strong><\/strong><\/strong><\/strong><\/strong><\/strong><\/strong><\/strong><\/strong><\/strong><\/strong><\/strong><\/strong><\/strong><\/strong><\/strong><\/strong><\/strong><\/strong><\/strong><\/strong><\/strong><\/strong><\/strong><\/strong><\/strong><\/strong><\/p>\n<p>Chiavari ITA<\/p>\n<p>RYA YM Offshore Theory Classroom<\/p>\n<p><strong><a href=\"https:\/\/safe-sailing.com\/fr\/produkt\/2113mm\" target=\"_blank\" style=\"outline: none;\"><strong><strong><\/strong><\/strong><\/a><strong><strong><a href=\"\" target=\"_blank\" style=\"outline: none;\"><strong><strong><\/strong><\/strong><\/a><strong><strong><a href=\"https:\/\/safe-sailing.com\/fr\/contact\/\" target=\"_blank\" style=\"outline: none;\">Contactez-nous, svp<\/a><\/strong><\/strong><\/strong><\/strong><\/strong><span style=\"color: rgb(184, 217, 53);\"><\/span><\/p>\n<p><strong><strong><strong><strong><strong><strong><strong><strong><strong><strong><strong><strong><strong><strong><strong><strong><strong><strong><strong><strong><strong><strong><strong><strong><strong><strong><strong><strong><strong><strong><strong><strong><strong><strong><strong><strong>Hiver 2026<\/strong><\/strong><\/strong><\/strong><\/strong><\/strong><\/strong><\/strong><\/strong><\/strong><\/strong><\/strong><\/strong><\/strong><\/strong><\/strong><\/strong><\/strong><\/strong><\/strong><\/strong><\/strong><\/strong><\/strong><\/strong><\/strong><\/strong><\/strong><\/strong><\/strong><\/strong><\/strong><\/strong><\/strong><\/strong><\/strong><\/p>\n<p>Chiavari ITA<\/p>\n<p>RYA YM Ocean Theory Classroom<\/p>\n<p><strong><a href=\"https:\/\/safe-sailing.com\/fr\/produkt\/2113mm\" target=\"_blank\" style=\"outline: none;\"><strong><strong><\/strong><\/strong><\/a><strong><strong><a href=\"\" target=\"_blank\" style=\"outline: none;\"><strong><strong><\/strong><\/strong><\/a><strong><strong><a href=\"https:\/\/safe-sailing.com\/fr\/contact\/\" target=\"_blank\" style=\"outline: none;\">Contactez-nous, svp<\/a><\/strong><\/strong><\/strong><\/strong><\/strong><span style=\"color: rgb(184, 217, 53);\"><\/span><\/p>\n<p><strong><strong><strong><strong><strong><strong><strong><strong><strong><strong><strong><strong><strong><strong><strong><strong><strong><strong><strong><strong><strong><strong><strong><strong><strong><strong><strong><strong><strong><strong>Hiver 2026<\/strong><\/strong><\/strong><\/strong><\/strong><\/strong><\/strong><\/strong><\/strong><\/strong><\/strong><\/strong><\/strong><\/strong><\/strong><\/strong><\/strong><\/strong><\/strong><\/strong><\/strong><\/strong><\/strong><\/strong><\/strong><\/strong><\/strong><\/strong><\/strong><\/strong><\/p>\n<p>Chiavari ITA<\/p>\n<p>RYA First Aid Classroom<\/p>\n<p><strong><a href=\"https:\/\/safe-sailing.com\/fr\/produkt\/2113mm\" target=\"_blank\" style=\"outline: none;\"><strong><strong><\/strong><\/strong><\/a><strong><strong><a href=\"\" target=\"_blank\" style=\"outline: none;\"><strong><strong><\/strong><\/strong><\/a><strong><strong><a href=\"https:\/\/safe-sailing.com\/fr\/contact\/\" target=\"_blank\" style=\"outline: none;\">Contactez-nous, svp<\/a><\/strong><\/strong><\/strong><\/strong><\/strong><span style=\"color: rgb(184, 217, 53);\"><\/span><\/p>\n<p><strong><strong><strong><strong><strong><strong><strong><strong><strong><strong><strong><strong><strong><strong><strong><strong><strong><strong><strong><strong><strong><strong><strong><strong><strong><strong><strong><strong><strong><strong><strong><strong>Hiver 2026<\/strong><\/strong><\/strong><\/strong><\/strong><\/strong><\/strong><\/strong><\/strong><\/strong><\/strong><\/strong><\/strong><\/strong><\/strong><\/strong><\/strong><\/strong><\/strong><\/strong><\/strong><\/strong><\/strong><\/strong><\/strong><\/strong><\/strong><\/strong><\/strong><\/strong><\/strong><\/strong><\/p>\n<p>Chiavari ITA<\/p>\n<p>RYA SRC Radio Exam<\/p>\n<p><strong><a href=\"https:\/\/safe-sailing.com\/fr\/produkt\/2113mm\" target=\"_blank\" style=\"outline: none;\"><strong><strong><\/strong><\/strong><\/a><strong><strong><a href=\"\" target=\"_blank\" style=\"outline: none;\"><strong><strong><\/strong><\/strong><\/a><strong><strong><a href=\"https:\/\/safe-sailing.com\/fr\/contact\/\" target=\"_blank\" style=\"outline: none;\"><strong><strong><strong><strong><strong><\/strong><\/strong><\/strong><\/strong><\/strong><\/a><strong><strong><strong><strong><a href=\"https:\/\/safe-sailing.com\/fr\/contact\/\" target=\"_blank\" style=\"outline: currentcolor;\">Contactez-nous, svp<\/a><\/strong><\/strong><\/strong><\/strong><\/strong><\/strong><\/strong><\/strong><\/strong><span style=\"color: rgb(184, 217, 53);\"><\/span><\/p>\n","protected":false},"excerpt":{"rendered":"<p>Saison 2026 &#8211; L&rsquo;appel du large Les points forts de la saison 2026:&nbsp;&#8211; l&lsquo;archipel de Stockholm et les \u00eeles \u00c5land, de quoi satisfaire les \u00e9quipages les plus exigeants, &#8211; la r\u00e9gate Mid Summer Race: la plus longue en Mer Baltique !Nous vous avons concoct\u00e9 un programme vari\u00e9:&#8211; formations&nbsp;Royal Yacht Association RYA &#8211; de l&rsquo;\u00e9quipage comp\u00e9tent [&hellip;]<\/p>\n","protected":false},"author":1,"featured_media":2011,"parent":0,"menu_order":0,"comment_status":"closed","ping_status":"closed","template":"","meta":{"footnotes":""},"class_list":["post-12200","page","type-page","status-publish","has-post-thumbnail","hentry"],"_links":{"self":[{"href":"https:\/\/safe-sailing.com\/fr\/wp-json\/wp\/v2\/pages\/12200","targetHints":{"allow":["GET"]}}],"collection":[{"href":"https:\/\/safe-sailing.com\/fr\/wp-json\/wp\/v2\/pages"}],"about":[{"href":"https:\/\/safe-sailing.com\/fr\/wp-json\/wp\/v2\/types\/page"}],"author":[{"embeddable":true,"href":"https:\/\/safe-sailing.com\/fr\/wp-json\/wp\/v2\/users\/1"}],"replies":[{"embeddable":true,"href":"https:\/\/safe-sailing.com\/fr\/wp-json\/wp\/v2\/comments?post=12200"}],"version-history":[{"count":212,"href":"https:\/\/safe-sailing.com\/fr\/wp-json\/wp\/v2\/pages\/12200\/revisions"}],"predecessor-version":[{"id":13872,"href":"https:\/\/safe-sailing.com\/fr\/wp-json\/wp\/v2\/pages\/12200\/revisions\/13872"}],"wp:featuredmedia":[{"embeddable":true,"href":"https:\/\/safe-sailing.com\/fr\/wp-json\/wp\/v2\/media\/2011"}],"wp:attachment":[{"href":"https:\/\/safe-sailing.com\/fr\/wp-json\/wp\/v2\/media?parent=12200"}],"curies":[{"name":"wp","href":"https:\/\/api.w.org\/{rel}","templated":true}]}}